{"id":286,"date":"2023-04-25T12:28:42","date_gmt":"2023-04-25T10:28:42","guid":{"rendered":"https:\/\/www.seebuffet-weyregg.at\/datenschutzerklaerung-copy\/"},"modified":"2023-05-17T11:47:04","modified_gmt":"2023-05-17T09:47:04","slug":"impressum","status":"publish","type":"page","link":"https:\/\/www.seebuffet-weyregg.at\/en\/impressum\/","title":{"rendered":"Imprint"},"content":{"rendered":"<div data-elementor-type=\"wp-page\" data-elementor-id=\"286\" class=\"elementor elementor-286\" data-elementor-post-type=\"page\">\n\t\t\t\t\t\t<section class=\"elementor-section elementor-top-section elementor-element elementor-element-d9640cf elementor-section-boxed elementor-section-height-default elementor-section-height-default\" data-id=\"d9640cf\" data-element_type=\"section\">\n\t\t\t\t\t\t<div class=\"elementor-container elementor-column-gap-default\">\n\t\t\t\t\t<div class=\"elementor-column elementor-col-50 elementor-top-column elementor-element elementor-element-c919643\" data-id=\"c919643\" data-element_type=\"column\">\n\t\t\t<div class=\"elementor-widget-wrap elementor-element-populated\">\n\t\t\t\t\t\t<div class=\"elementor-element elementor-element-fe1aeb8 elementor-widget elementor-widget-text-editor\" data-id=\"fe1aeb8\" data-element_type=\"widget\" data-widget_type=\"text-editor.default\">\n\t\t\t\t<div class=\"elementor-widget-container\">\n\t\t\t\t\t\t\t\t\t<p><strong>INFORMATIONSEIGENT\u00dcMER<\/strong><\/p><p><strong><span lang=\"DE\">Norbert Walkner<\/span><\/strong><br \/><span lang=\"DE\">Krispl 15, <br \/><\/span><span lang=\"DE\">5425 Krispl<\/span><\/p><p><strong>T<\/strong>:\u00a0<a href=\"tel:00436642541383\">+43 \/ 664 \/ 254 13 83<\/a><br \/><strong>M<\/strong>: <a href=\"mailto:office@alpenblick-krispl.at\">office@alpenblick-krispl.at<\/a><br \/><strong>W: <\/strong><a href=\"http:\/\/www.alpenblick-krispl.at\">www.alpenblick-krispl.at<\/a><\/p>\t\t\t\t\t\t\t\t<\/div>\n\t\t\t\t<\/div>\n\t\t\t\t\t<\/div>\n\t\t<\/div>\n\t\t\t\t<div class=\"elementor-column elementor-col-50 elementor-top-column elementor-element elementor-element-4cbc24f\" data-id=\"4cbc24f\" data-element_type=\"column\">\n\t\t\t<div class=\"elementor-widget-wrap elementor-element-populated\">\n\t\t\t\t\t\t<div class=\"elementor-element elementor-element-4e6406b elementor-widget elementor-widget-text-editor\" data-id=\"4e6406b\" data-element_type=\"widget\" data-widget_type=\"text-editor.default\">\n\t\t\t\t<div class=\"elementor-widget-container\">\n\t\t\t\t\t\t\t\t\t<p><strong>KONZEPT &amp; REALISIERUNG<\/strong><\/p><p><strong>MILEZO | Die Werbeagentur aus Ober\u00f6sterreich<\/strong><br \/>Gahbergstrasse 4<br \/>4852 Weyregg am Attersee<\/p><p><strong>T<\/strong>: <a href=\"tel:00436642209799\">+43 \/ 664 \/ 220 97 99<\/a><br \/><strong>M<\/strong>:\u00a0<a href=\"mailto:office@milezo.at\">office@milezo.at<\/a><br \/><strong>W<\/strong>:\u00a0<a href=\"http:\/\/www.milezo.at\/\" rel=\"noopener noreferrer\">www.milezo.at<\/a><\/p>\t\t\t\t\t\t\t\t<\/div>\n\t\t\t\t<\/div>\n\t\t\t\t\t<\/div>\n\t\t<\/div>\n\t\t\t\t\t<\/div>\n\t\t<\/section>\n\t\t\t\t<section class=\"elementor-section elementor-top-section elementor-element elementor-element-741f78ae elementor-section-boxed elementor-section-height-default elementor-section-height-default\" data-id=\"741f78ae\" data-element_type=\"section\">\n\t\t\t\t\t\t<div class=\"elementor-container elementor-column-gap-default\">\n\t\t\t\t\t<div class=\"elementor-column elementor-col-100 elementor-top-column elementor-element elementor-element-64ae2e93\" data-id=\"64ae2e93\" data-element_type=\"column\">\n\t\t\t<div class=\"elementor-widget-wrap elementor-element-populated\">\n\t\t\t\t\t\t<div class=\"elementor-element elementor-element-2b4f7e70 elementor-widget elementor-widget-text-editor\" data-id=\"2b4f7e70\" data-element_type=\"widget\" data-widget_type=\"text-editor.default\">\n\t\t\t\t<div class=\"elementor-widget-container\">\n\t\t\t\t\t\t\t\t\t<div class=\"container\"><div class=\"vc_row wpb_row vc_row-fluid vc_custom_1459000109670\"><div class=\"wpb_column vc_column_container vc_col-sm-12\"><div class=\"vc_column-inner\"><div class=\"wpb_wrapper\"><div class=\"wpb_text_column wpb_content_element vc_custom_1472623613465\"><div class=\"wpb_wrapper\"><h2>Weitere Infos<\/h2><\/div><\/div><\/div><\/div><\/div><\/div><\/div><div class=\"container\"><div class=\"vc_row wpb_row vc_row-fluid\"><div class=\"wpb_column vc_column_container vc_col-sm-12\"><div class=\"vc_column-inner\"><div class=\"wpb_wrapper\"><div class=\"wpb_text_column wpb_content_element\"><div class=\"wpb_wrapper\"><p><strong>Haftungsausschluss<\/strong>:<\/p><p><span lang=\"DE\">Norbert Walkner\u00a0<\/span>stellt die Inhalte dieser Internetseiten mit gro\u00dfer Sorgfalt zusammen und sorgt f\u00fcr deren regelm\u00e4\u00dfige Aktualisierung. Die Angaben dienen dennoch nur der unverbindlichen allgemeinen Information und ersetzen nicht die eingehende individuelle Beratung. Jederzeitige \u00c4nderungen bleiben vorbehalten.<\/p><p><span lang=\"DE\">Norbert Walkner\u00a0<\/span>\u00fcbernimmt keine Gew\u00e4hr f\u00fcr die Aktualit\u00e4t, Richtigkeit und Vollst\u00e4ndigkeit der Informationen auf diesen Seiten oder den jederzeitigen st\u00f6rungsfreien Zugang. Wenn wir auf Internetseiten Dritter verweisen (Links), \u00fcbernimmt <span lang=\"DE\">Norbert Walkner<\/span><span lang=\"DE\">\u00a0<\/span>keine Verantwortung f\u00fcr die Inhalte der verlinkten Seiten. Mit dem Bet\u00e4tigen des Verweises verlassen Sie das Informationsangebot von\u00a0<span lang=\"DE\">Norbert Walkner<\/span>. F\u00fcr die Angebote Dritter k\u00f6nnen daher abweichende Regelungen gelten, insbesondere hinsichtlich des Datenschutzes. Weiterhin schlie\u00dft <span lang=\"DE\">Norbert Walkner<\/span><span lang=\"DE\">\u00a0<\/span>ihre Haftung bei Serviceleistungen, insbesondere beim Download von durch <span lang=\"DE\">Norbert Walkner<\/span>\u00a0zur Verf\u00fcgung gestellten Dateien auf den Internetseiten, f\u00fcr leicht fahrl\u00e4ssige Pflichtverletzungen aus, sofern diese keine vertragswesentlichen Pflichten sowie Leben, Gesundheit oder K\u00f6rper betreffen oder Anspr\u00fcche nach dem Produkthaftungsgesetz ber\u00fchrt sind. Gleiches gilt f\u00fcr Pflichtverletzungen unserer Erf\u00fcllungsgehilfen.<\/p><p>Copyright:<br \/>S\u00e4mtliche Texte, Bilder und andere auf der Internetseite ver\u00f6ffentlichten Werke unterliegen \u2013 sofern nicht anders gekennzeichnet \u2013 dem Copyright\u00a0<span lang=\"DE\">von Norbert Walkner<\/span>. Jede Vervielf\u00e4ltigung, Verbreitung, Speicherung, \u00dcbermittlung, Sendung und Wieder- bzw. Weitergabe der Inhalte ist ohne schriftliche Genehmigung <span lang=\"DE\">von Norbert Walkner\u00a0<\/span>ausdr\u00fccklich untersagt.<\/p><\/div><\/div><\/div><\/div><\/div><\/div><\/div>\t\t\t\t\t\t\t\t<\/div>\n\t\t\t\t<\/div>\n\t\t\t\t\t<\/div>\n\t\t<\/div>\n\t\t\t\t\t<\/div>\n\t\t<\/section>\n\t\t\t\t<\/div>","protected":false},"excerpt":{"rendered":"<p>INFORMATIONSEIGENT\u00dcMER Norbert Walkner Krispl 15, 5425 Krispl T:\u00a0+43 \/ 664<span class=\"excerpt-hellip\"> [\u2026]<\/span><\/p>","protected":false},"author":3,"featured_media":0,"parent":0,"menu_order":80,"comment_status":"closed","ping_status":"closed","template":"","meta":{"footnotes":""},"class_list":["post-286","page","type-page","status-publish","hentry"],"yoast_head":"<!-- This site is optimized with the Yoast SEO plugin v24.8.1 - https:\/\/yoast.com\/wordpress\/plugins\/seo\/ -->\n<title>Impressum - Das See-Buffet<\/title>\n<meta name=\"robots\" content=\"index, nofollow, max-snippet:-1, max-image-preview:large, max-video-preview:-1\" \/>\n<link rel=\"canonical\" href=\"https:\/\/www.seebuffet-weyregg.at\/en\/impressum\/\" \/>\n<meta property=\"og:locale\" content=\"en_US\" \/>\n<meta property=\"og:type\" content=\"article\" \/>\n<meta property=\"og:title\" content=\"Impressum - Das See-Buffet\" \/>\n<meta property=\"og:description\" content=\"INFORMATIONSEIGENT\u00dcMER Norbert Walkner Krispl 15, 5425 Krispl T:\u00a0+43 \/ 664 [\u2026]\" \/>\n<meta property=\"og:url\" content=\"https:\/\/www.seebuffet-weyregg.at\/en\/impressum\/\" \/>\n<meta property=\"og:site_name\" content=\"Das See-Buffet\" \/>\n<meta property=\"article:modified_time\" content=\"2023-05-17T09:47:04+00:00\" \/>\n<meta name=\"twitter:card\" content=\"summary_large_image\" \/>\n<meta name=\"twitter:label1\" content=\"Est. reading time\" \/>\n\t<meta name=\"twitter:data1\" content=\"2 minutes\" \/>\n<script type=\"application\/ld+json\" class=\"yoast-schema-graph\">{\"@context\":\"https:\/\/schema.org\",\"@graph\":[{\"@type\":\"WebPage\",\"@id\":\"https:\/\/www.seebuffet-weyregg.at\/impressum\/\",\"url\":\"https:\/\/www.seebuffet-weyregg.at\/impressum\/\",\"name\":\"Impressum - Das See-Buffet\",\"isPartOf\":{\"@id\":\"https:\/\/www.seebuffet-weyregg.at\/#website\"},\"datePublished\":\"2023-04-25T10:28:42+00:00\",\"dateModified\":\"2023-05-17T09:47:04+00:00\",\"breadcrumb\":{\"@id\":\"https:\/\/www.seebuffet-weyregg.at\/impressum\/#breadcrumb\"},\"inLanguage\":\"en-US\",\"potentialAction\":[{\"@type\":\"ReadAction\",\"target\":[\"https:\/\/www.seebuffet-weyregg.at\/impressum\/\"]}]},{\"@type\":\"BreadcrumbList\",\"@id\":\"https:\/\/www.seebuffet-weyregg.at\/impressum\/#breadcrumb\",\"itemListElement\":[{\"@type\":\"ListItem\",\"position\":1,\"name\":\"Startseite\",\"item\":\"https:\/\/www.seebuffet-weyregg.at\/\"},{\"@type\":\"ListItem\",\"position\":2,\"name\":\"Impressum\"}]},{\"@type\":\"WebSite\",\"@id\":\"https:\/\/www.seebuffet-weyregg.at\/#website\",\"url\":\"https:\/\/www.seebuffet-weyregg.at\/\",\"name\":\"Das See-Buffet\",\"description\":\"Landesbad Weyregg am Attersee\",\"publisher\":{\"@id\":\"https:\/\/www.seebuffet-weyregg.at\/#organization\"},\"potentialAction\":[{\"@type\":\"SearchAction\",\"target\":{\"@type\":\"EntryPoint\",\"urlTemplate\":\"https:\/\/www.seebuffet-weyregg.at\/?s={search_term_string}\"},\"query-input\":{\"@type\":\"PropertyValueSpecification\",\"valueRequired\":true,\"valueName\":\"search_term_string\"}}],\"inLanguage\":\"en-US\"},{\"@type\":\"Organization\",\"@id\":\"https:\/\/www.seebuffet-weyregg.at\/#organization\",\"name\":\"Das See-Buffet\",\"url\":\"https:\/\/www.seebuffet-weyregg.at\/\",\"logo\":{\"@type\":\"ImageObject\",\"inLanguage\":\"en-US\",\"@id\":\"https:\/\/www.seebuffet-weyregg.at\/#\/schema\/logo\/image\/\",\"url\":\"\",\"contentUrl\":\"\",\"caption\":\"Das See-Buffet\"},\"image\":{\"@id\":\"https:\/\/www.seebuffet-weyregg.at\/#\/schema\/logo\/image\/\"}}]}<\/script>\n<!-- \/ Yoast SEO plugin. -->","yoast_head_json":{"title":"Impressum - Das See-Buffet","robots":{"index":"index","follow":"nofollow","max-snippet":"max-snippet:-1","max-image-preview":"max-image-preview:large","max-video-preview":"max-video-preview:-1"},"canonical":"https:\/\/www.seebuffet-weyregg.at\/en\/impressum\/","og_locale":"en_US","og_type":"article","og_title":"Impressum - Das See-Buffet","og_description":"INFORMATIONSEIGENT\u00dcMER Norbert Walkner Krispl 15, 5425 Krispl T:\u00a0+43 \/ 664 [\u2026]","og_url":"https:\/\/www.seebuffet-weyregg.at\/en\/impressum\/","og_site_name":"Das See-Buffet","article_modified_time":"2023-05-17T09:47:04+00:00","twitter_card":"summary_large_image","twitter_misc":{"Est. reading time":"2 minutes"},"schema":{"@context":"https:\/\/schema.org","@graph":[{"@type":"WebPage","@id":"https:\/\/www.seebuffet-weyregg.at\/impressum\/","url":"https:\/\/www.seebuffet-weyregg.at\/impressum\/","name":"Impressum - Das See-Buffet","isPartOf":{"@id":"https:\/\/www.seebuffet-weyregg.at\/#website"},"datePublished":"2023-04-25T10:28:42+00:00","dateModified":"2023-05-17T09:47:04+00:00","breadcrumb":{"@id":"https:\/\/www.seebuffet-weyregg.at\/impressum\/#breadcrumb"},"inLanguage":"en-US","potentialAction":[{"@type":"ReadAction","target":["https:\/\/www.seebuffet-weyregg.at\/impressum\/"]}]},{"@type":"BreadcrumbList","@id":"https:\/\/www.seebuffet-weyregg.at\/impressum\/#breadcrumb","itemListElement":[{"@type":"ListItem","position":1,"name":"Startseite","item":"https:\/\/www.seebuffet-weyregg.at\/"},{"@type":"ListItem","position":2,"name":"Impressum"}]},{"@type":"WebSite","@id":"https:\/\/www.seebuffet-weyregg.at\/#website","url":"https:\/\/www.seebuffet-weyregg.at\/","name":"The Lake Buffet","description":"Landesbad Weyregg am Attersee","publisher":{"@id":"https:\/\/www.seebuffet-weyregg.at\/#organization"},"potentialAction":[{"@type":"SearchAction","target":{"@type":"EntryPoint","urlTemplate":"https:\/\/www.seebuffet-weyregg.at\/?s={search_term_string}"},"query-input":{"@type":"PropertyValueSpecification","valueRequired":true,"valueName":"search_term_string"}}],"inLanguage":"en-US"},{"@type":"Organization","@id":"https:\/\/www.seebuffet-weyregg.at\/#organization","name":"The Lake Buffet","url":"https:\/\/www.seebuffet-weyregg.at\/","logo":{"@type":"ImageObject","inLanguage":"en-US","@id":"https:\/\/www.seebuffet-weyregg.at\/#\/schema\/logo\/image\/","url":"","contentUrl":"","caption":"Das See-Buffet"},"image":{"@id":"https:\/\/www.seebuffet-weyregg.at\/#\/schema\/logo\/image\/"}}]}},"_links":{"self":[{"href":"https:\/\/www.seebuffet-weyregg.at\/en\/wp-json\/wp\/v2\/pages\/286","targetHints":{"allow":["GET"]}}],"collection":[{"href":"https:\/\/www.seebuffet-weyregg.at\/en\/wp-json\/wp\/v2\/pages"}],"about":[{"href":"https:\/\/www.seebuffet-weyregg.at\/en\/wp-json\/wp\/v2\/types\/page"}],"author":[{"embeddable":true,"href":"https:\/\/www.seebuffet-weyregg.at\/en\/wp-json\/wp\/v2\/users\/3"}],"replies":[{"embeddable":true,"href":"https:\/\/www.seebuffet-weyregg.at\/en\/wp-json\/wp\/v2\/comments?post=286"}],"version-history":[{"count":0,"href":"https:\/\/www.seebuffet-weyregg.at\/en\/wp-json\/wp\/v2\/pages\/286\/revisions"}],"wp:attachment":[{"href":"https:\/\/www.seebuffet-weyregg.at\/en\/wp-json\/wp\/v2\/media?parent=286"}],"curies":[{"name":"wp","href":"https:\/\/api.w.org\/{rel}","templated":true}]}}