{"id":3,"date":"2023-04-25T08:07:51","date_gmt":"2023-04-25T06:07:51","guid":{"rendered":"https:\/\/www.seebuffet-weyregg.at\/?page_id=3"},"modified":"2023-05-30T10:05:31","modified_gmt":"2023-05-30T08:05:31","slug":"datenschutzerklaerung","status":"publish","type":"page","link":"http:\/\/www.seebuffet-weyregg.at\/en\/datenschutzerklaerung\/","title":{"rendered":"DSGVO"},"content":{"rendered":"<div data-elementor-type=\"wp-page\" data-elementor-id=\"3\" class=\"elementor elementor-3\" data-elementor-post-type=\"page\">\n\t\t\t\t\t\t<section class=\"elementor-section elementor-top-section elementor-element elementor-element-741f78ae elementor-section-boxed elementor-section-height-default elementor-section-height-default\" data-id=\"741f78ae\" data-element_type=\"section\">\n\t\t\t\t\t\t<div class=\"elementor-container elementor-column-gap-default\">\n\t\t\t\t\t<div class=\"elementor-column elementor-col-100 elementor-top-column elementor-element elementor-element-64ae2e93\" data-id=\"64ae2e93\" data-element_type=\"column\">\n\t\t\t<div class=\"elementor-widget-wrap elementor-element-populated\">\n\t\t\t\t\t\t<div class=\"elementor-element elementor-element-2b4f7e70 elementor-widget elementor-widget-text-editor\" data-id=\"2b4f7e70\" data-element_type=\"widget\" data-widget_type=\"text-editor.default\">\n\t\t\t\t<div class=\"elementor-widget-container\">\n\t\t\t\t\t\t\t\t\t<h3><span lang=\"DE\">Umgang mit personenbezogenen Daten<\/span><\/h3><p><span lang=\"DE\">Der Websitebetreiber erhebt, nutzt und gibt Ihre personenbezogenen Daten nur dann weiter, wenn dies im gesetzlichen Rahmen erlaubt ist oder Sie in die Datenerhebung einwilligen.<\/span><\/p><p><span lang=\"DE\">Als personenbezogene Daten gelten s\u00e4mtliche Informationen, welche dazu dienen, Ihre Person zu bestimmen und welche zu Ihnen zur\u00fcckverfolgt werden k\u00f6nnen \u2013 also beispielsweise Ihr Name, Ihre E-Mail-Adresse und Telefonnummer.<\/span><\/p><p><span lang=\"DE\">Wenn Ihrerseits kein Interesse mehr an den Serviceleistungen von\u00a0Norbert Walkner besteht, werden Ihre Kundendaten bis zum erfolgreichen Abschluss des Projekts gespeichert und danach gel\u00f6scht.<\/span><\/p><h3><span lang=\"DE\">Rechte des Nutzers: Auskunft, Berichtigung und L\u00f6schung<\/span><\/h3><p><span lang=\"DE\">Sie als Nutzer erhalten auf Antrag Ihrerseits kostenlose Auskunft dar\u00fcber, welche personenbezogenen Daten \u00fcber Sie gespeichert wurden. Sofern Ihr Wunsch nicht mit einer gesetzlichen Pflicht zur Aufbewahrung von Daten (z. B. Vorratsdatenspeicherung, Vertragsabschluss) kollidiert, haben Sie ein Anrecht auf Berichtigung falscher Daten und auf die Sperrung oder L\u00f6schung Ihrer personenbezogenen Daten.<\/span><\/p><p><span lang=\"DE\">Die Einsicht und L\u00f6schung der Daten kann nur mit vorhergehender Legitimierung und direkt beim Hauptsitz Krispl 15, 5425 Krispl,\u00a0erfolgen.<\/span><\/p><h3>Cookies<\/h3><p>Unsere Website verwendet so genannte Cookies. Dabei handelt es sich um kleine Textdateien, die mit Hilfe des Browsers auf Ihrem Endger\u00e4t abgelegt werden. Sie richten keinen Schaden an.<br \/>Wir nutzen Cookies dazu, unser Angebot nutzerfreundlich zu gestalten. Einige Cookies bleiben auf Ihrem Endger\u00e4t gespeichert, bis Sie diese l\u00f6schen. Sie erm\u00f6glichen es uns, Ihren Browser beim n\u00e4chsten Besuch wiederzuerkennen.<br \/>Wenn Sie dies nicht w\u00fcnschen, so k\u00f6nnen Sie Ihren Browser so einrichten, dass er Sie \u00fcber das Setzen von Cookies informiert und Sie dies nur im Einzelfall erlauben.Bei der Deaktivierung von Cookies kann die Funktionalit\u00e4t unserer Website eingeschr\u00e4nkt sein.<\/p><h3>Google Analytics<\/h3><p>Diese Website benutzt Google Analytics, einen Webanalysedienst der Google Inc. (\u201eGoogle\u201c). Google Analytics verwendet sog. \u201eCookies\u201c, Textdateien, die auf Ihrem Computer gespeichert werden und die eine Analyse der Benutzung der Website durch Sie erm\u00f6glichen. Die durch den Cookie erzeugten Informationen \u00fcber Ihre Benutzung dieser Website werden in der Regel an einen Server von Google in den USA \u00fcbertragen und dort gespeichert. Im Falle der Aktivierung der IP-Anonymisierung auf dieser Webseite, wird Ihre IP-Adresse von Google jedoch innerhalb von Mitgliedstaaten der Europ\u00e4ischen Union oder in anderen Vertragsstaaten des Abkommens \u00fcber den Europ\u00e4ischen Wirtschaftsraum zuvor gek\u00fcrzt. Nur in Ausnahmef\u00e4llen wird die volle IP-Adresse an einen Server von Google in den USA \u00fcbertragen und dort gek\u00fcrzt. Im Auftrag des Betreibers dieser Website wird Google diese Informationen benutzen, um Ihre Nutzung der Website auszuwerten, um Reports \u00fcber die Websiteaktivit\u00e4ten zusammenzustellen und um weitere mit der Websitenutzung und der Internetnutzung verbundene Dienstleistungen gegen\u00fcber dem Websitebetreiber zu erbringen. Die im Rahmen von Google Analytics von Ihrem Browser \u00fcbermittelte IP-Adresse wird nicht mit anderen Daten von Google zusammengef\u00fchrt. Sie k\u00f6nnen die Speicherung der Cookies durch eine entsprechende Einstellung Ihrer Browser-Software verhindern; wir weisen Sie jedoch darauf hin, dass Sie in diesem Fall gegebenenfalls nicht s\u00e4mtliche Funktionen dieser Website vollumf\u00e4nglich werden nutzen k\u00f6nnen. Sie k\u00f6nnen dar\u00fcber hinaus die Erfassung der durch das Cookie erzeugten und auf Ihre Nutzung der Website bezogenen Daten (inkl. Ihrer IP-Adresse) an Google sowie die Verarbeitung dieser Daten durch Google verhindern, indem Sie das unter dem folgenden Link verf\u00fcgbare Browser-Plugin herunterladen und installieren: http:\/\/tools.google.com\/dlpage\/gaoptout<\/p><p>N\u00e4here Informationen zu Nutzungsbedingungen und Datenschutz finden Sie unter den Google Analytics Bedingungen bzw. unter der Google Analytics \u00dcbersicht. Wir weisen Sie darauf hin, dass auf dieser Webseite Google Analytics um den Code \u201cgat._anonymizeIp();\u201d erweitert wurde, um eine anonymisierte Erfassung von IP-Adressen (sog. IP-Masking) zu gew\u00e4hrleisten.<\/p><h3>Sicherheit<\/h3><p>Wir treffen alle notwendigen technischen und organisatorischen Sicherheitsma\u00dfnahmen, um Ihre personenbezogenen Daten vor Verlust und Missbrauch zu sch\u00fctzen. So werden Ihre Daten in einer sicheren Betriebsumgebung gespeichert, die der \u00d6ffentlichkeit nicht zug\u00e4nglich ist. In bestimmten F\u00e4llen werden Ihre personenbezogenen Daten bei der \u00dcbermittlung durch die sog. Secure Socket Layer-Technologie (SSL) verschl\u00fcsselt. Das bedeutet, dass die Kommunikation zwischen Ihrem Computer und unseren Servern unter Einsatz eines anerkannten Verschl\u00fcsselungsverfahrens erfolgt, wenn Ihr Browser SSL unterst\u00fctzt. Sollten Sie mit uns per E-Mail in Kontakt treten wollen, weisen wir darauf hin, dass die Vertraulichkeit der \u00fcbermittelten Informationen nicht gew\u00e4hrleistet ist. Der Inhalt von E-Mails kann von Dritten eingesehen werden. Wir empfehlen Ihnen daher, uns vertrauliche Informationen verschl\u00fcsselt zukommen zu lassen.<\/p><h3>Links<\/h3><p>Unsere Internetseiten enthalten teilweise Links zu externen Internetseiten, f\u00fcr deren Inhalt und Datenschutzerkl\u00e4rung wir keine Verantwortung \u00fcbernehmen.<br \/>Sollten fremde Inhalte gegen geltendes Recht versto\u00dfen, ist uns dies nicht bekannt. Bei Benachrichtigung l\u00f6schen wir den betreffenden Link schnellstm\u00f6glich.<br \/>Auch sind wir nicht verpflichtet, in periodischen Abst\u00e4nden den Inhalt von Angeboten Dritter auf deren Rechtswidrigkeit oder Strafbarkeit zu \u00fcberpr\u00fcfen. Sobald wir von dem rechtswidrigen Inhalt der Web-Seiten Dritter erfahren, wird der entsprechende Link auf unseren Seiten entfernt.<br \/>Weiterhin m\u00f6chten wir ausdr\u00fccklich betonen, dass wir keinerlei Einfluss auf die Gestaltung und die Inhalte der verlinkten Seiten haben. Diese Erkl\u00e4rung gilt f\u00fcr alle auf der Homepage angebrachten Links und f\u00fcr alle Inhalte der Seiten, zu denen Links oder Banner f\u00fchren.<\/p><h3>Social Media Plugin<\/h3><p>Unser Internetauftritt verwendet Social Plugins (\u201ePlugins\u201c) des sozialen Netzwerkes Facebook.com, welches von der Facebook Inc., Palo Alto, USA betrieben wird (\u201eFacebook\u201c). Die Plugins sind mit einem Facebook-Logo oder dem Zusatz \u201eFacebook\u201c oder \u201eLike\u201c oder \u201eShare\u201c gekennzeichnet.<br \/>Wenn Sie eine Seite unseres Internetauftritts aufrufen, die solche Plugins enth\u00e4lt, dann sind diese zun\u00e4chst deaktiviert. Erst wenn Sie den bereitgestellten Button klicken, werden die Plugins aktiviert. Mit dieser Aktivierung stellen Sie die Verbindung zu Facebook her und erkl\u00e4ren Ihre Einwilligung zur \u00dcbermittlung von Daten an Facebook. Sind Sie bei Facebook eingeloggt, kann Facebook den Besuch Ihrem dortigen Konto zuordnen. Wenn Sie den jeweiligen Button bet\u00e4tigen, wird die entsprechende Information von Ihrem Browser direkt an Facebook \u00fcbermittelt und dort gespeichert.<br \/>Zweck und Umfang der Datenerhebung, der weiteren Verarbeitung und Nutzung der Daten durch Facebook sowie Ihre diesbez\u00fcglichen Rechte und Einstellungsm\u00f6glichkeiten zum Schutz Ihrer Privatsph\u00e4re entnehmen Sie bitte den Datenschutzhinweisen von Facebook.<br \/>Wenn Sie es nicht m\u00f6chten, dass Facebook \u00fcber unseren Internetauftritt Daten \u00fcber Sie sammelt, m\u00fcssen Sie sich vor Ihrem Besuch unseres Internetauftritts bei Facebook ausloggen.<\/p><h3>Einwilligung<\/h3><p>Mit der Nutzung unserer Internetseiten stimmen Sie der unter dieser Erkl\u00e4rung beschriebenen Speicherung und Nutzung Ihrer Daten zu. Wir erlauben uns die Datenschutzerkl\u00e4rung anzupassen und zu erg\u00e4nzen. Es gilt die jeweils aktuell ver\u00f6ffentlichte Datenschutzerkl\u00e4rung.<\/p><h3>Sie erreichen uns unter folgenden Kontaktdaten<\/h3><p><span lang=\"DE\">Norbert Walkner<\/span><br \/><span lang=\"DE\">Krispl 15, 5425 Krispl<br \/><\/span><a href=\"mailto:office@alpenblick-krispl.at\">office@alpenblick-krispl.at<\/a><\/p><h3>\u00c4nderung dieser Datenschutzerkl\u00e4rung<\/h3><p>Da diese Hinweise der jeweils aktuellen Rechtslage unterliegen, behalten wir uns vor, diese Datenschutzerkl\u00e4rung k\u00fcnftig entsprechend zu \u00e4ndern. Wir empfehlen Ihnen, diese Datenschutzbestimmungen regelm\u00e4\u00dfig zu lesen, um \u00fcber den Schutz der von uns erfassten Daten auf dem Laufenden zu bleiben. Durch die fortgesetzte Nutzung dieser Websites bzw. durch eine aufrechte Gesch\u00e4ftsbeziehung erkl\u00e4ren Sie sich mit diesen Datenschutzbestimmungen und deren Aktualit\u00e4t einverstanden.<\/p>\t\t\t\t\t\t\t\t<\/div>\n\t\t\t\t<\/div>\n\t\t\t\t\t<\/div>\n\t\t<\/div>\n\t\t\t\t\t<\/div>\n\t\t<\/section>\n\t\t\t\t<\/div>","protected":false},"excerpt":{"rendered":"<p>Umgang mit personenbezogenen Daten Der Websitebetreiber erhebt, nutzt und gibt<span class=\"excerpt-hellip\"> [\u2026]<\/span><\/p>","protected":false},"author":3,"featured_media":0,"parent":0,"menu_order":70,"comment_status":"closed","ping_status":"closed","template":"","meta":{"footnotes":""},"class_list":["post-3","page","type-page","status-publish","hentry"],"yoast_head":"<!-- This site is optimized with the Yoast SEO plugin v24.8.1 - https:\/\/yoast.com\/wordpress\/plugins\/seo\/ -->\n<title>DSGVO - Das See-Buffet<\/title>\n<meta name=\"robots\" content=\"index, nofollow, max-snippet:-1, max-image-preview:large, max-video-preview:-1\" \/>\n<link rel=\"canonical\" href=\"https:\/\/www.seebuffet-weyregg.at\/en\/datenschutzerklaerung\/\" \/>\n<meta property=\"og:locale\" content=\"en_US\" \/>\n<meta property=\"og:type\" content=\"article\" \/>\n<meta property=\"og:title\" content=\"DSGVO - Das See-Buffet\" \/>\n<meta property=\"og:description\" content=\"Umgang mit personenbezogenen Daten Der Websitebetreiber erhebt, nutzt und gibt [\u2026]\" \/>\n<meta property=\"og:url\" content=\"https:\/\/www.seebuffet-weyregg.at\/en\/datenschutzerklaerung\/\" \/>\n<meta property=\"og:site_name\" content=\"Das See-Buffet\" \/>\n<meta property=\"article:modified_time\" content=\"2023-05-30T08:05:31+00:00\" \/>\n<meta name=\"twitter:card\" content=\"summary_large_image\" \/>\n<meta name=\"twitter:label1\" content=\"Est. reading time\" \/>\n\t<meta name=\"twitter:data1\" content=\"7 minutes\" \/>\n<script type=\"application\/ld+json\" class=\"yoast-schema-graph\">{\"@context\":\"https:\/\/schema.org\",\"@graph\":[{\"@type\":\"WebPage\",\"@id\":\"https:\/\/www.seebuffet-weyregg.at\/datenschutzerklaerung\/\",\"url\":\"https:\/\/www.seebuffet-weyregg.at\/datenschutzerklaerung\/\",\"name\":\"DSGVO - Das See-Buffet\",\"isPartOf\":{\"@id\":\"https:\/\/www.seebuffet-weyregg.at\/#website\"},\"datePublished\":\"2023-04-25T06:07:51+00:00\",\"dateModified\":\"2023-05-30T08:05:31+00:00\",\"breadcrumb\":{\"@id\":\"https:\/\/www.seebuffet-weyregg.at\/datenschutzerklaerung\/#breadcrumb\"},\"inLanguage\":\"en-US\",\"potentialAction\":[{\"@type\":\"ReadAction\",\"target\":[\"https:\/\/www.seebuffet-weyregg.at\/datenschutzerklaerung\/\"]}]},{\"@type\":\"BreadcrumbList\",\"@id\":\"https:\/\/www.seebuffet-weyregg.at\/datenschutzerklaerung\/#breadcrumb\",\"itemListElement\":[{\"@type\":\"ListItem\",\"position\":1,\"name\":\"Startseite\",\"item\":\"https:\/\/www.seebuffet-weyregg.at\/\"},{\"@type\":\"ListItem\",\"position\":2,\"name\":\"DSGVO\"}]},{\"@type\":\"WebSite\",\"@id\":\"https:\/\/www.seebuffet-weyregg.at\/#website\",\"url\":\"https:\/\/www.seebuffet-weyregg.at\/\",\"name\":\"Das See-Buffet\",\"description\":\"Landesbad Weyregg am Attersee\",\"publisher\":{\"@id\":\"https:\/\/www.seebuffet-weyregg.at\/#organization\"},\"potentialAction\":[{\"@type\":\"SearchAction\",\"target\":{\"@type\":\"EntryPoint\",\"urlTemplate\":\"https:\/\/www.seebuffet-weyregg.at\/?s={search_term_string}\"},\"query-input\":{\"@type\":\"PropertyValueSpecification\",\"valueRequired\":true,\"valueName\":\"search_term_string\"}}],\"inLanguage\":\"en-US\"},{\"@type\":\"Organization\",\"@id\":\"https:\/\/www.seebuffet-weyregg.at\/#organization\",\"name\":\"Das See-Buffet\",\"url\":\"https:\/\/www.seebuffet-weyregg.at\/\",\"logo\":{\"@type\":\"ImageObject\",\"inLanguage\":\"en-US\",\"@id\":\"https:\/\/www.seebuffet-weyregg.at\/#\/schema\/logo\/image\/\",\"url\":\"\",\"contentUrl\":\"\",\"caption\":\"Das See-Buffet\"},\"image\":{\"@id\":\"https:\/\/www.seebuffet-weyregg.at\/#\/schema\/logo\/image\/\"}}]}<\/script>\n<!-- \/ Yoast SEO plugin. -->","yoast_head_json":{"title":"DSGVO - Das See-Buffet","robots":{"index":"index","follow":"nofollow","max-snippet":"max-snippet:-1","max-image-preview":"max-image-preview:large","max-video-preview":"max-video-preview:-1"},"canonical":"https:\/\/www.seebuffet-weyregg.at\/en\/datenschutzerklaerung\/","og_locale":"en_US","og_type":"article","og_title":"DSGVO - Das See-Buffet","og_description":"Umgang mit personenbezogenen Daten Der Websitebetreiber erhebt, nutzt und gibt [\u2026]","og_url":"https:\/\/www.seebuffet-weyregg.at\/en\/datenschutzerklaerung\/","og_site_name":"Das See-Buffet","article_modified_time":"2023-05-30T08:05:31+00:00","twitter_card":"summary_large_image","twitter_misc":{"Est. reading time":"7 minutes"},"schema":{"@context":"https:\/\/schema.org","@graph":[{"@type":"WebPage","@id":"https:\/\/www.seebuffet-weyregg.at\/datenschutzerklaerung\/","url":"https:\/\/www.seebuffet-weyregg.at\/datenschutzerklaerung\/","name":"DSGVO - Das See-Buffet","isPartOf":{"@id":"https:\/\/www.seebuffet-weyregg.at\/#website"},"datePublished":"2023-04-25T06:07:51+00:00","dateModified":"2023-05-30T08:05:31+00:00","breadcrumb":{"@id":"https:\/\/www.seebuffet-weyregg.at\/datenschutzerklaerung\/#breadcrumb"},"inLanguage":"en-US","potentialAction":[{"@type":"ReadAction","target":["https:\/\/www.seebuffet-weyregg.at\/datenschutzerklaerung\/"]}]},{"@type":"BreadcrumbList","@id":"https:\/\/www.seebuffet-weyregg.at\/datenschutzerklaerung\/#breadcrumb","itemListElement":[{"@type":"ListItem","position":1,"name":"Startseite","item":"https:\/\/www.seebuffet-weyregg.at\/"},{"@type":"ListItem","position":2,"name":"DSGVO"}]},{"@type":"WebSite","@id":"https:\/\/www.seebuffet-weyregg.at\/#website","url":"https:\/\/www.seebuffet-weyregg.at\/","name":"The Lake Buffet","description":"Landesbad Weyregg am Attersee","publisher":{"@id":"https:\/\/www.seebuffet-weyregg.at\/#organization"},"potentialAction":[{"@type":"SearchAction","target":{"@type":"EntryPoint","urlTemplate":"https:\/\/www.seebuffet-weyregg.at\/?s={search_term_string}"},"query-input":{"@type":"PropertyValueSpecification","valueRequired":true,"valueName":"search_term_string"}}],"inLanguage":"en-US"},{"@type":"Organization","@id":"https:\/\/www.seebuffet-weyregg.at\/#organization","name":"The Lake Buffet","url":"https:\/\/www.seebuffet-weyregg.at\/","logo":{"@type":"ImageObject","inLanguage":"en-US","@id":"https:\/\/www.seebuffet-weyregg.at\/#\/schema\/logo\/image\/","url":"","contentUrl":"","caption":"Das See-Buffet"},"image":{"@id":"https:\/\/www.seebuffet-weyregg.at\/#\/schema\/logo\/image\/"}}]}},"_links":{"self":[{"href":"http:\/\/www.seebuffet-weyregg.at\/en\/wp-json\/wp\/v2\/pages\/3","targetHints":{"allow":["GET"]}}],"collection":[{"href":"http:\/\/www.seebuffet-weyregg.at\/en\/wp-json\/wp\/v2\/pages"}],"about":[{"href":"http:\/\/www.seebuffet-weyregg.at\/en\/wp-json\/wp\/v2\/types\/page"}],"author":[{"embeddable":true,"href":"http:\/\/www.seebuffet-weyregg.at\/en\/wp-json\/wp\/v2\/users\/3"}],"replies":[{"embeddable":true,"href":"http:\/\/www.seebuffet-weyregg.at\/en\/wp-json\/wp\/v2\/comments?post=3"}],"version-history":[{"count":0,"href":"http:\/\/www.seebuffet-weyregg.at\/en\/wp-json\/wp\/v2\/pages\/3\/revisions"}],"wp:attachment":[{"href":"http:\/\/www.seebuffet-weyregg.at\/en\/wp-json\/wp\/v2\/media?parent=3"}],"curies":[{"name":"wp","href":"https:\/\/api.w.org\/{rel}","templated":true}]}}