{"id":224,"date":"2023-04-25T11:00:25","date_gmt":"2023-04-25T09:00:25","guid":{"rendered":"https:\/\/www.seebuffet-weyregg.at\/kulinarisches-copy\/"},"modified":"2023-05-25T09:20:55","modified_gmt":"2023-05-25T07:20:55","slug":"der-badeplatz","status":"publish","type":"page","link":"http:\/\/www.seebuffet-weyregg.at\/en\/der-badeplatz\/","title":{"rendered":"Bathing place"},"content":{"rendered":"<div data-elementor-type=\"wp-page\" data-elementor-id=\"224\" class=\"elementor elementor-224\" data-elementor-post-type=\"page\">\n\t\t\t\t\t\t<section class=\"elementor-section elementor-top-section elementor-element elementor-element-34b0300 elementor-section-full_width elementor-section-stretched elementor-hidden-mobile elementor-section-height-default elementor-section-height-default\" data-id=\"34b0300\" data-element_type=\"section\" data-settings=\"{&quot;stretch_section&quot;:&quot;section-stretched&quot;,&quot;background_background&quot;:&quot;classic&quot;}\">\n\t\t\t\t\t\t<div class=\"elementor-container elementor-column-gap-wider\">\n\t\t\t\t\t<div class=\"elementor-column elementor-col-100 elementor-top-column elementor-element elementor-element-9aa690a\" data-id=\"9aa690a\" data-element_type=\"column\">\n\t\t\t<div class=\"elementor-widget-wrap elementor-element-populated\">\n\t\t\t\t\t\t<section class=\"elementor-section elementor-inner-section elementor-element elementor-element-606e659 elementor-section-full_width elementor-section-height-default elementor-section-height-default\" data-id=\"606e659\" data-element_type=\"section\">\n\t\t\t\t\t\t<div class=\"elementor-container elementor-column-gap-default\">\n\t\t\t\t\t<div class=\"elementor-column elementor-col-50 elementor-inner-column elementor-element elementor-element-9f5c021\" data-id=\"9f5c021\" data-element_type=\"column\">\n\t\t\t<div class=\"elementor-widget-wrap\">\n\t\t\t\t\t\t\t<\/div>\n\t\t<\/div>\n\t\t\t\t<div class=\"elementor-column elementor-col-50 elementor-inner-column elementor-element elementor-element-2ed9c3e\" data-id=\"2ed9c3e\" data-element_type=\"column\">\n\t\t\t<div class=\"elementor-widget-wrap elementor-element-populated\">\n\t\t\t\t\t\t<div class=\"elementor-element elementor-element-74734b5 elementor-widget elementor-widget-image\" data-id=\"74734b5\" data-element_type=\"widget\" data-widget_type=\"image.default\">\n\t\t\t\t<div class=\"elementor-widget-container\">\n\t\t\t\t\t\t\t\t\t\t\t\t\t\t\t<img fetchpriority=\"high\" decoding=\"async\" width=\"2340\" height=\"1550\" src=\"https:\/\/www.seebuffet-weyregg.at\/wp-content\/uploads\/2023\/05\/see-buffet-weyregg-01.jpg\" class=\"attachment-full size-full wp-image-1546\" alt=\"\" srcset=\"https:\/\/www.seebuffet-weyregg.at\/wp-content\/uploads\/2023\/05\/see-buffet-weyregg-01.jpg 2340w, https:\/\/www.seebuffet-weyregg.at\/wp-content\/uploads\/2023\/05\/see-buffet-weyregg-01-300x199.jpg 300w, https:\/\/www.seebuffet-weyregg.at\/wp-content\/uploads\/2023\/05\/see-buffet-weyregg-01-1024x678.jpg 1024w, https:\/\/www.seebuffet-weyregg.at\/wp-content\/uploads\/2023\/05\/see-buffet-weyregg-01-768x509.jpg 768w, https:\/\/www.seebuffet-weyregg.at\/wp-content\/uploads\/2023\/05\/see-buffet-weyregg-01-1536x1017.jpg 1536w, https:\/\/www.seebuffet-weyregg.at\/wp-content\/uploads\/2023\/05\/see-buffet-weyregg-01-2048x1357.jpg 2048w, https:\/\/www.seebuffet-weyregg.at\/wp-content\/uploads\/2023\/05\/see-buffet-weyregg-01-220x146.jpg 220w, https:\/\/www.seebuffet-weyregg.at\/wp-content\/uploads\/2023\/05\/see-buffet-weyregg-01-50x33.jpg 50w, https:\/\/www.seebuffet-weyregg.at\/wp-content\/uploads\/2023\/05\/see-buffet-weyregg-01-113x75.jpg 113w\" sizes=\"(max-width: 2340px) 100vw, 2340px\" \/>\t\t\t\t\t\t\t\t\t\t\t\t\t\t\t<\/div>\n\t\t\t\t<\/div>\n\t\t\t\t\t<\/div>\n\t\t<\/div>\n\t\t\t\t\t<\/div>\n\t\t<\/section>\n\t\t\t\t\t<\/div>\n\t\t<\/div>\n\t\t\t\t\t<\/div>\n\t\t<\/section>\n\t\t\t\t<section class=\"elementor-section elementor-top-section elementor-element elementor-element-0416e93 elementor-section-full_width elementor-section-stretched elementor-section-height-default elementor-section-height-default\" data-id=\"0416e93\" data-element_type=\"section\" data-settings=\"{&quot;stretch_section&quot;:&quot;section-stretched&quot;}\">\n\t\t\t\t\t\t<div class=\"elementor-container elementor-column-gap-wider\">\n\t\t\t\t\t<div class=\"elementor-column elementor-col-100 elementor-top-column elementor-element elementor-element-3733b06\" data-id=\"3733b06\" data-element_type=\"column\">\n\t\t\t<div class=\"elementor-widget-wrap elementor-element-populated\">\n\t\t\t\t\t\t<section class=\"elementor-section elementor-inner-section elementor-element elementor-element-ed9bcaf elementor-section-full_width elementor-section-height-default elementor-section-height-default\" data-id=\"ed9bcaf\" data-element_type=\"section\">\n\t\t\t\t\t\t<div class=\"elementor-container elementor-column-gap-default\">\n\t\t\t\t\t<div class=\"elementor-column elementor-col-50 elementor-inner-column elementor-element elementor-element-b8c0fb8 elementor-hidden-tablet\" data-id=\"b8c0fb8\" data-element_type=\"column\">\n\t\t\t<div class=\"elementor-widget-wrap elementor-element-populated\">\n\t\t\t\t\t\t<div class=\"elementor-element elementor-element-252b0aa elementor-widget elementor-widget-image\" data-id=\"252b0aa\" data-element_type=\"widget\" data-widget_type=\"image.default\">\n\t\t\t\t<div class=\"elementor-widget-container\">\n\t\t\t\t\t\t\t\t\t\t\t\t\t\t\t<img decoding=\"async\" width=\"736\" height=\"1008\" src=\"https:\/\/www.seebuffet-weyregg.at\/wp-content\/uploads\/2023\/05\/see-buffet-image6.png\" class=\"attachment-full size-full wp-image-1584\" alt=\"\" srcset=\"https:\/\/www.seebuffet-weyregg.at\/wp-content\/uploads\/2023\/05\/see-buffet-image6.png 736w, https:\/\/www.seebuffet-weyregg.at\/wp-content\/uploads\/2023\/05\/see-buffet-image6-219x300.png 219w, https:\/\/www.seebuffet-weyregg.at\/wp-content\/uploads\/2023\/05\/see-buffet-image6-107x146.png 107w, https:\/\/www.seebuffet-weyregg.at\/wp-content\/uploads\/2023\/05\/see-buffet-image6-37x50.png 37w, https:\/\/www.seebuffet-weyregg.at\/wp-content\/uploads\/2023\/05\/see-buffet-image6-55x75.png 55w\" sizes=\"(max-width: 736px) 100vw, 736px\" \/>\t\t\t\t\t\t\t\t\t\t\t\t\t\t\t<\/div>\n\t\t\t\t<\/div>\n\t\t\t\t\t<\/div>\n\t\t<\/div>\n\t\t\t\t<div class=\"elementor-column elementor-col-50 elementor-inner-column elementor-element elementor-element-4ebedfe\" data-id=\"4ebedfe\" data-element_type=\"column\">\n\t\t\t<div class=\"elementor-widget-wrap elementor-element-populated\">\n\t\t\t\t\t\t<div class=\"elementor-element elementor-element-d26fc26 elementor-widget elementor-widget-text-editor\" data-id=\"d26fc26\" data-element_type=\"widget\" data-widget_type=\"text-editor.default\">\n\t\t\t\t<div class=\"elementor-widget-container\">\n\t\t\t\t\t\t\t\t\t<h6>DAS GEWISSE ETWAS BEIM SEEBUFFET WEYREGG<\/h6><h2 class=\"entry-title fusion-responsive-typography-calculated\" data-fontsize=\"48\" data-lineheight=\"53.279999px\">Genie\u00dfen Sie unbeschwerte Stunden am glasklaren Seeufer<\/h2><p>Das<strong> Lake buffet<\/strong> Weyregg befindet sich im Zentrum von Weyregg und bietet allen Bade- und <strong>Sonnenhungrigen<\/strong> eine gro\u00dfz\u00fcgige und gut <strong>gepflegte Bade- und Erholungsanlage<\/strong>, die vom Land Ober\u00f6sterreich zur Verf\u00fcgung gestellt wird.<\/p><p>Der Badeplatz, auch als &#8222;<strong>Landesbad<\/strong>&#8220; bekannt, ist ein idealer <strong>Ausflugstipp f\u00fcr Familien mit Kindern<\/strong>. Mit zahlreichen schattenspendenden B\u00e4umen und einem flachen Ufer, das durch eine k\u00fcrzlich durchgef\u00fchrte Uferrenaturierung noch kinderfreundlicher gestaltet wurde, bietet er den perfekten Zugang zum Wasser f\u00fcr die j\u00fcngsten Badeg\u00e4ste.<\/p>\t\t\t\t\t\t\t\t<\/div>\n\t\t\t\t<\/div>\n\t\t\t\t\t<\/div>\n\t\t<\/div>\n\t\t\t\t\t<\/div>\n\t\t<\/section>\n\t\t\t\t\t<\/div>\n\t\t<\/div>\n\t\t\t\t\t<\/div>\n\t\t<\/section>\n\t\t\t\t<section class=\"elementor-section elementor-top-section elementor-element elementor-element-7154739 elementor-section-stretched elementor-section-boxed elementor-section-height-default elementor-section-height-default\" data-id=\"7154739\" data-element_type=\"section\" data-settings=\"{&quot;stretch_section&quot;:&quot;section-stretched&quot;}\">\n\t\t\t\t\t\t<div class=\"elementor-container elementor-column-gap-wider\">\n\t\t\t\t\t<div class=\"elementor-column elementor-col-100 elementor-top-column elementor-element elementor-element-ea324db\" data-id=\"ea324db\" data-element_type=\"column\">\n\t\t\t<div class=\"elementor-widget-wrap elementor-element-populated\">\n\t\t\t\t\t\t<section class=\"elementor-section elementor-inner-section elementor-element elementor-element-c782c64 elementor-section-boxed elementor-section-height-default elementor-section-height-default\" data-id=\"c782c64\" data-element_type=\"section\">\n\t\t\t\t\t\t<div class=\"elementor-container elementor-column-gap-default\">\n\t\t\t\t\t<div class=\"elementor-column elementor-col-100 elementor-inner-column elementor-element elementor-element-9633b22\" data-id=\"9633b22\" data-element_type=\"column\">\n\t\t\t<div class=\"elementor-widget-wrap elementor-element-populated\">\n\t\t\t\t\t\t<div class=\"elementor-element elementor-element-6531c72 elementor-widget elementor-widget-text-editor\" data-id=\"6531c72\" data-element_type=\"widget\" data-widget_type=\"text-editor.default\">\n\t\t\t\t<div class=\"elementor-widget-container\">\n\t\t\t\t\t\t\t\t\t<h6>DAS SEE-BUFFET IN WEYREGG AM ATTERSEE<\/h6><h2 class=\"entry-title fusion-responsive-typography-calculated\" data-fontsize=\"48\" data-lineheight=\"53.279999px\">Erfrischendes Badevergn\u00fcgen f\u00fcr Gro\u00df und Klein<\/h2><p>Das <strong>flache Gel\u00e4nde<\/strong> der Anlage macht sie auch f\u00fcr Menschen mit k\u00f6rperlichen Handicaps gut zug\u00e4nglich. Es gibt ein <strong>barrierefreies WC<\/strong> sowie eine Liftanlage, die Rollstuhlfahrern den Zugang zum See erm\u00f6glicht. Informationen zur richtigen Nutzung des Lifts erhalten Sie im Badebuffet.<\/p><p>Als Abwechslung zum erfrischenden Nass erwartet die kleinen G\u00e4ste am Badeplatz ein <strong>Spielplatz<\/strong> mit Schaukeln, Rutschen und einem neuen &#8222;Spinnenkletterturm&#8220;. Ein Sandkasten mit Spielzeug steht ebenfalls zur Verf\u00fcgung.<\/p><p>Der <strong>Eintritt<\/strong> und die Nutzung der sanit\u00e4ren Anlagen sind <strong>kostenlos<\/strong>, und Parkm\u00f6glichkeiten befinden sich in unmittelbarer N\u00e4he des Badeplatzes. Egal, ob Sie einen ganzen Tag oder nur ein paar Stunden hier verbringen m\u00f6chten, genie\u00dfen Sie die Sonne und den See, wann immer Sie Lust und Zeit haben!<\/p>\t\t\t\t\t\t\t\t<\/div>\n\t\t\t\t<\/div>\n\t\t\t\t\t<\/div>\n\t\t<\/div>\n\t\t\t\t\t<\/div>\n\t\t<\/section>\n\t\t\t\t\t<\/div>\n\t\t<\/div>\n\t\t\t\t\t<\/div>\n\t\t<\/section>\n\t\t\t\t<section class=\"elementor-section elementor-top-section elementor-element elementor-element-b98032a elementor-section-stretched elementor-section-boxed elementor-section-height-default elementor-section-height-default\" data-id=\"b98032a\" data-element_type=\"section\" data-settings=\"{&quot;stretch_section&quot;:&quot;section-stretched&quot;}\">\n\t\t\t\t\t\t<div class=\"elementor-container elementor-column-gap-wider\">\n\t\t\t\t\t<div class=\"elementor-column elementor-col-100 elementor-top-column elementor-element elementor-element-c92a6a9\" data-id=\"c92a6a9\" data-element_type=\"column\">\n\t\t\t<div class=\"elementor-widget-wrap elementor-element-populated\">\n\t\t\t\t\t\t<section class=\"elementor-section elementor-inner-section elementor-element elementor-element-5883ef5 elementor-section-boxed elementor-section-height-default elementor-section-height-default\" data-id=\"5883ef5\" data-element_type=\"section\" data-settings=\"{&quot;background_background&quot;:&quot;classic&quot;}\">\n\t\t\t\t\t\t<div class=\"elementor-container elementor-column-gap-no\">\n\t\t\t\t\t<div class=\"elementor-column elementor-col-50 elementor-inner-column elementor-element elementor-element-383c28a\" data-id=\"383c28a\" data-element_type=\"column\" data-settings=\"{&quot;background_background&quot;:&quot;classic&quot;}\">\n\t\t\t<div class=\"elementor-widget-wrap elementor-element-populated\">\n\t\t\t\t\t\t<div class=\"elementor-element elementor-element-b5539b0 elementor-widget elementor-widget-spacer\" data-id=\"b5539b0\" data-element_type=\"widget\" data-widget_type=\"spacer.default\">\n\t\t\t\t<div class=\"elementor-widget-container\">\n\t\t\t\t\t\t\t<div class=\"elementor-spacer\">\n\t\t\t<div class=\"elementor-spacer-inner\"><\/div>\n\t\t<\/div>\n\t\t\t\t\t\t<\/div>\n\t\t\t\t<\/div>\n\t\t\t\t<div class=\"elementor-element elementor-element-d344d6d elementor-widget elementor-widget-heading\" data-id=\"d344d6d\" data-element_type=\"widget\" data-widget_type=\"heading.default\">\n\t\t\t\t<div class=\"elementor-widget-container\">\n\t\t\t\t\t<h2 class=\"elementor-heading-title elementor-size-default\">Zwischen dem Badevergn\u00fcgen <\/h2>\t\t\t\t<\/div>\n\t\t\t\t<\/div>\n\t\t\t\t<div class=\"elementor-element elementor-element-d8eb341 elementor-widget elementor-widget-text-editor\" data-id=\"d8eb341\" data-element_type=\"widget\" data-widget_type=\"text-editor.default\">\n\t\t\t\t<div class=\"elementor-widget-container\">\n\t\t\t\t\t\t\t\t\t<p>Lustige <strong>Abwechslung<\/strong> zum <strong>Badespass<\/strong> finden Sie ganz in der N\u00e4he der Erholungsanlage:<\/p><ul><li>Minigolfplatz: 2 Gehminuten<\/li><li>Beachvolleyballplatz: 3 Gehminuten<\/li><li>Bootsverleih: 5 Gehminuten<\/li><li>Surf- und Kajakverleih: 5 Gehminuten<\/li><li>Schiffsanlegestelle der Atterseeschifffahrt: 10 Gehminuten<\/li><\/ul>\t\t\t\t\t\t\t\t<\/div>\n\t\t\t\t<\/div>\n\t\t\t\t\t<\/div>\n\t\t<\/div>\n\t\t\t\t<div class=\"elementor-column elementor-col-50 elementor-inner-column elementor-element elementor-element-c03aaac\" data-id=\"c03aaac\" data-element_type=\"column\" data-settings=\"{&quot;background_background&quot;:&quot;classic&quot;}\">\n\t\t\t<div class=\"elementor-widget-wrap elementor-element-populated\">\n\t\t\t\t\t\t<div class=\"elementor-element elementor-element-1f82b0b elementor-widget elementor-widget-spacer\" data-id=\"1f82b0b\" data-element_type=\"widget\" data-widget_type=\"spacer.default\">\n\t\t\t\t<div class=\"elementor-widget-container\">\n\t\t\t\t\t\t\t<div class=\"elementor-spacer\">\n\t\t\t<div class=\"elementor-spacer-inner\"><\/div>\n\t\t<\/div>\n\t\t\t\t\t\t<\/div>\n\t\t\t\t<\/div>\n\t\t\t\t\t<\/div>\n\t\t<\/div>\n\t\t\t\t\t<\/div>\n\t\t<\/section>\n\t\t\t\t\t<\/div>\n\t\t<\/div>\n\t\t\t\t\t<\/div>\n\t\t<\/section>\n\t\t\t\t<section class=\"elementor-section elementor-top-section elementor-element elementor-element-6de60b2 elementor-section-stretched elementor-section-boxed elementor-section-height-default elementor-section-height-default\" data-id=\"6de60b2\" data-element_type=\"section\" data-settings=\"{&quot;stretch_section&quot;:&quot;section-stretched&quot;,&quot;background_background&quot;:&quot;classic&quot;}\">\n\t\t\t\t\t\t<div class=\"elementor-container elementor-column-gap-wider\">\n\t\t\t\t\t<div class=\"elementor-column elementor-col-100 elementor-top-column elementor-element elementor-element-ace40af\" data-id=\"ace40af\" data-element_type=\"column\" data-settings=\"{&quot;background_background&quot;:&quot;classic&quot;}\">\n\t\t\t<div class=\"elementor-widget-wrap elementor-element-populated\">\n\t\t\t\t\t\t<section class=\"elementor-section elementor-inner-section elementor-element elementor-element-b39a740 elementor-section-full_width elementor-section-height-default elementor-section-height-default\" data-id=\"b39a740\" data-element_type=\"section\" data-settings=\"{&quot;background_background&quot;:&quot;classic&quot;}\">\n\t\t\t\t\t\t<div class=\"elementor-container elementor-column-gap-default\">\n\t\t\t\t\t<div class=\"elementor-column elementor-col-100 elementor-inner-column elementor-element elementor-element-5f31eff\" data-id=\"5f31eff\" data-element_type=\"column\">\n\t\t\t<div class=\"elementor-widget-wrap elementor-element-populated\">\n\t\t\t\t\t\t<div class=\"elementor-element elementor-element-aafc587 elementor-widget elementor-widget-text-editor\" data-id=\"aafc587\" data-element_type=\"widget\" data-widget_type=\"text-editor.default\">\n\t\t\t\t<div class=\"elementor-widget-container\">\n\t\t\t\t\t\t\t\t\t<h2>Genie\u00dfen Sie unsere k\u00f6stlichen Speisen und Getr\u00e4nke zu jeder Zeit &#8211; Kommen Sie vorbei und genie\u00dfen Sie Ihre Zeit im See-Buffet Weyregg<\/h2>\t\t\t\t\t\t\t\t<\/div>\n\t\t\t\t<\/div>\n\t\t\t\t<div class=\"elementor-element elementor-element-0ec4996 elementor-align-justify elementor-widget elementor-widget-button\" data-id=\"0ec4996\" data-element_type=\"widget\" data-widget_type=\"button.default\">\n\t\t\t\t<div class=\"elementor-widget-container\">\n\t\t\t\t\t\t\t\t\t<div class=\"elementor-button-wrapper\">\n\t\t\t\t\t<a class=\"elementor-button elementor-button-link elementor-size-sm\" href=\"https:\/\/www.seebuffet-weyregg.at\/en\/kontakt\/\">\n\t\t\t\t\t\t<span class=\"elementor-button-content-wrapper\">\n\t\t\t\t\t\t\t\t\t<span class=\"elementor-button-text\">\u00d6FFNUNGSZEITEN<\/span>\n\t\t\t\t\t<\/span>\n\t\t\t\t\t<\/a>\n\t\t\t\t<\/div>\n\t\t\t\t\t\t\t\t<\/div>\n\t\t\t\t<\/div>\n\t\t\t\t<div class=\"elementor-element elementor-element-9878317 elementor-widget elementor-widget-spacer\" data-id=\"9878317\" data-element_type=\"widget\" data-widget_type=\"spacer.default\">\n\t\t\t\t<div class=\"elementor-widget-container\">\n\t\t\t\t\t\t\t<div class=\"elementor-spacer\">\n\t\t\t<div class=\"elementor-spacer-inner\"><\/div>\n\t\t<\/div>\n\t\t\t\t\t\t<\/div>\n\t\t\t\t<\/div>\n\t\t\t\t\t<\/div>\n\t\t<\/div>\n\t\t\t\t\t<\/div>\n\t\t<\/section>\n\t\t\t\t\t<\/div>\n\t\t<\/div>\n\t\t\t\t\t<\/div>\n\t\t<\/section>\n\t\t\t\t<\/div>","protected":false},"excerpt":{"rendered":"<p>DAS GEWISSE ETWAS BEIM SEEBUFFET WEYREGG Genie\u00dfen Sie unbeschwerte Stunden<span class=\"excerpt-hellip\"> [\u2026]<\/span><\/p>","protected":false},"author":3,"featured_media":1584,"parent":0,"menu_order":40,"comment_status":"open","ping_status":"closed","template":"","meta":{"footnotes":""},"class_list":["post-224","page","type-page","status-publish","has-post-thumbnail","hentry"],"yoast_head":"<!-- This site is optimized with the Yoast SEO plugin v24.8.1 - https:\/\/yoast.com\/wordpress\/plugins\/seo\/ -->\n<title>See-Buffet Weyregg - Der Badeplatz<\/title>\n<meta name=\"description\" content=\"Das See-Buffet Weyregg bietet allen Bade- und Sonnenhungrigen eine gro\u00dfz\u00fcgige und gut gepflegte Bade- und Erholungsanlage.\" \/>\n<meta name=\"robots\" content=\"index, follow, max-snippet:-1, max-image-preview:large, max-video-preview:-1\" \/>\n<link rel=\"canonical\" href=\"https:\/\/www.seebuffet-weyregg.at\/en\/der-badeplatz\/\" \/>\n<meta property=\"og:locale\" content=\"en_US\" \/>\n<meta property=\"og:type\" content=\"article\" \/>\n<meta property=\"og:title\" content=\"See-Buffet Weyregg - Der Badeplatz\" \/>\n<meta property=\"og:description\" content=\"Das See-Buffet Weyregg bietet allen Bade- und Sonnenhungrigen eine gro\u00dfz\u00fcgige und gut gepflegte Bade- und Erholungsanlage.\" \/>\n<meta property=\"og:url\" content=\"https:\/\/www.seebuffet-weyregg.at\/en\/der-badeplatz\/\" \/>\n<meta property=\"og:site_name\" content=\"Das See-Buffet\" \/>\n<meta property=\"article:modified_time\" content=\"2023-05-25T07:20:55+00:00\" \/>\n<meta property=\"og:image\" content=\"https:\/\/www.seebuffet-weyregg.at\/wp-content\/uploads\/2023\/05\/see-buffet-image6.png\" \/>\n\t<meta property=\"og:image:width\" content=\"736\" \/>\n\t<meta property=\"og:image:height\" content=\"1008\" \/>\n\t<meta property=\"og:image:type\" content=\"image\/png\" \/>\n<meta name=\"twitter:card\" content=\"summary_large_image\" \/>\n<meta name=\"twitter:label1\" content=\"Est. reading time\" \/>\n\t<meta name=\"twitter:data1\" content=\"2 minutes\" \/>\n<script type=\"application\/ld+json\" class=\"yoast-schema-graph\">{\"@context\":\"https:\/\/schema.org\",\"@graph\":[{\"@type\":\"WebPage\",\"@id\":\"https:\/\/www.seebuffet-weyregg.at\/der-badeplatz\/\",\"url\":\"https:\/\/www.seebuffet-weyregg.at\/der-badeplatz\/\",\"name\":\"See-Buffet Weyregg - Der Badeplatz\",\"isPartOf\":{\"@id\":\"https:\/\/www.seebuffet-weyregg.at\/#website\"},\"primaryImageOfPage\":{\"@id\":\"https:\/\/www.seebuffet-weyregg.at\/der-badeplatz\/#primaryimage\"},\"image\":{\"@id\":\"https:\/\/www.seebuffet-weyregg.at\/der-badeplatz\/#primaryimage\"},\"thumbnailUrl\":\"https:\/\/www.seebuffet-weyregg.at\/wp-content\/uploads\/2023\/05\/see-buffet-image6.png\",\"datePublished\":\"2023-04-25T09:00:25+00:00\",\"dateModified\":\"2023-05-25T07:20:55+00:00\",\"description\":\"Das See-Buffet Weyregg bietet allen Bade- und Sonnenhungrigen eine gro\u00dfz\u00fcgige und gut gepflegte Bade- und Erholungsanlage.\",\"breadcrumb\":{\"@id\":\"https:\/\/www.seebuffet-weyregg.at\/der-badeplatz\/#breadcrumb\"},\"inLanguage\":\"en-US\",\"potentialAction\":[{\"@type\":\"ReadAction\",\"target\":[\"https:\/\/www.seebuffet-weyregg.at\/der-badeplatz\/\"]}]},{\"@type\":\"ImageObject\",\"inLanguage\":\"en-US\",\"@id\":\"https:\/\/www.seebuffet-weyregg.at\/der-badeplatz\/#primaryimage\",\"url\":\"https:\/\/www.seebuffet-weyregg.at\/wp-content\/uploads\/2023\/05\/see-buffet-image6.png\",\"contentUrl\":\"https:\/\/www.seebuffet-weyregg.at\/wp-content\/uploads\/2023\/05\/see-buffet-image6.png\",\"width\":736,\"height\":1008},{\"@type\":\"BreadcrumbList\",\"@id\":\"https:\/\/www.seebuffet-weyregg.at\/der-badeplatz\/#breadcrumb\",\"itemListElement\":[{\"@type\":\"ListItem\",\"position\":1,\"name\":\"Startseite\",\"item\":\"https:\/\/www.seebuffet-weyregg.at\/\"},{\"@type\":\"ListItem\",\"position\":2,\"name\":\"Der Badeplatz\"}]},{\"@type\":\"WebSite\",\"@id\":\"https:\/\/www.seebuffet-weyregg.at\/#website\",\"url\":\"https:\/\/www.seebuffet-weyregg.at\/\",\"name\":\"Das See-Buffet\",\"description\":\"Landesbad Weyregg am Attersee\",\"publisher\":{\"@id\":\"https:\/\/www.seebuffet-weyregg.at\/#organization\"},\"potentialAction\":[{\"@type\":\"SearchAction\",\"target\":{\"@type\":\"EntryPoint\",\"urlTemplate\":\"https:\/\/www.seebuffet-weyregg.at\/?s={search_term_string}\"},\"query-input\":{\"@type\":\"PropertyValueSpecification\",\"valueRequired\":true,\"valueName\":\"search_term_string\"}}],\"inLanguage\":\"en-US\"},{\"@type\":\"Organization\",\"@id\":\"https:\/\/www.seebuffet-weyregg.at\/#organization\",\"name\":\"Das See-Buffet\",\"url\":\"https:\/\/www.seebuffet-weyregg.at\/\",\"logo\":{\"@type\":\"ImageObject\",\"inLanguage\":\"en-US\",\"@id\":\"https:\/\/www.seebuffet-weyregg.at\/#\/schema\/logo\/image\/\",\"url\":\"\",\"contentUrl\":\"\",\"caption\":\"Das See-Buffet\"},\"image\":{\"@id\":\"https:\/\/www.seebuffet-weyregg.at\/#\/schema\/logo\/image\/\"}}]}<\/script>\n<!-- \/ Yoast SEO plugin. -->","yoast_head_json":{"title":"See-Buffet Weyregg - Der Badeplatz","description":"Das See-Buffet Weyregg bietet allen Bade- und Sonnenhungrigen eine gro\u00dfz\u00fcgige und gut gepflegte Bade- und Erholungsanlage.","robots":{"index":"index","follow":"follow","max-snippet":"max-snippet:-1","max-image-preview":"max-image-preview:large","max-video-preview":"max-video-preview:-1"},"canonical":"https:\/\/www.seebuffet-weyregg.at\/en\/der-badeplatz\/","og_locale":"en_US","og_type":"article","og_title":"See-Buffet Weyregg - Der Badeplatz","og_description":"Das See-Buffet Weyregg bietet allen Bade- und Sonnenhungrigen eine gro\u00dfz\u00fcgige und gut gepflegte Bade- und Erholungsanlage.","og_url":"https:\/\/www.seebuffet-weyregg.at\/en\/der-badeplatz\/","og_site_name":"Das See-Buffet","article_modified_time":"2023-05-25T07:20:55+00:00","og_image":[{"width":736,"height":1008,"url":"https:\/\/www.seebuffet-weyregg.at\/wp-content\/uploads\/2023\/05\/see-buffet-image6.png","type":"image\/png"}],"twitter_card":"summary_large_image","twitter_misc":{"Est. reading time":"2 minutes"},"schema":{"@context":"https:\/\/schema.org","@graph":[{"@type":"WebPage","@id":"https:\/\/www.seebuffet-weyregg.at\/der-badeplatz\/","url":"https:\/\/www.seebuffet-weyregg.at\/der-badeplatz\/","name":"See-Buffet Weyregg - Der Badeplatz","isPartOf":{"@id":"https:\/\/www.seebuffet-weyregg.at\/#website"},"primaryImageOfPage":{"@id":"https:\/\/www.seebuffet-weyregg.at\/der-badeplatz\/#primaryimage"},"image":{"@id":"https:\/\/www.seebuffet-weyregg.at\/der-badeplatz\/#primaryimage"},"thumbnailUrl":"https:\/\/www.seebuffet-weyregg.at\/wp-content\/uploads\/2023\/05\/see-buffet-image6.png","datePublished":"2023-04-25T09:00:25+00:00","dateModified":"2023-05-25T07:20:55+00:00","description":"Das See-Buffet Weyregg bietet allen Bade- und Sonnenhungrigen eine gro\u00dfz\u00fcgige und gut gepflegte Bade- und Erholungsanlage.","breadcrumb":{"@id":"https:\/\/www.seebuffet-weyregg.at\/der-badeplatz\/#breadcrumb"},"inLanguage":"en-US","potentialAction":[{"@type":"ReadAction","target":["https:\/\/www.seebuffet-weyregg.at\/der-badeplatz\/"]}]},{"@type":"ImageObject","inLanguage":"en-US","@id":"https:\/\/www.seebuffet-weyregg.at\/der-badeplatz\/#primaryimage","url":"https:\/\/www.seebuffet-weyregg.at\/wp-content\/uploads\/2023\/05\/see-buffet-image6.png","contentUrl":"https:\/\/www.seebuffet-weyregg.at\/wp-content\/uploads\/2023\/05\/see-buffet-image6.png","width":736,"height":1008},{"@type":"BreadcrumbList","@id":"https:\/\/www.seebuffet-weyregg.at\/der-badeplatz\/#breadcrumb","itemListElement":[{"@type":"ListItem","position":1,"name":"Startseite","item":"https:\/\/www.seebuffet-weyregg.at\/"},{"@type":"ListItem","position":2,"name":"Der Badeplatz"}]},{"@type":"WebSite","@id":"https:\/\/www.seebuffet-weyregg.at\/#website","url":"https:\/\/www.seebuffet-weyregg.at\/","name":"The Lake Buffet","description":"Landesbad Weyregg am Attersee","publisher":{"@id":"https:\/\/www.seebuffet-weyregg.at\/#organization"},"potentialAction":[{"@type":"SearchAction","target":{"@type":"EntryPoint","urlTemplate":"https:\/\/www.seebuffet-weyregg.at\/?s={search_term_string}"},"query-input":{"@type":"PropertyValueSpecification","valueRequired":true,"valueName":"search_term_string"}}],"inLanguage":"en-US"},{"@type":"Organization","@id":"https:\/\/www.seebuffet-weyregg.at\/#organization","name":"The Lake Buffet","url":"https:\/\/www.seebuffet-weyregg.at\/","logo":{"@type":"ImageObject","inLanguage":"en-US","@id":"https:\/\/www.seebuffet-weyregg.at\/#\/schema\/logo\/image\/","url":"","contentUrl":"","caption":"Das See-Buffet"},"image":{"@id":"https:\/\/www.seebuffet-weyregg.at\/#\/schema\/logo\/image\/"}}]}},"_links":{"self":[{"href":"http:\/\/www.seebuffet-weyregg.at\/en\/wp-json\/wp\/v2\/pages\/224","targetHints":{"allow":["GET"]}}],"collection":[{"href":"http:\/\/www.seebuffet-weyregg.at\/en\/wp-json\/wp\/v2\/pages"}],"about":[{"href":"http:\/\/www.seebuffet-weyregg.at\/en\/wp-json\/wp\/v2\/types\/page"}],"author":[{"embeddable":true,"href":"http:\/\/www.seebuffet-weyregg.at\/en\/wp-json\/wp\/v2\/users\/3"}],"replies":[{"embeddable":true,"href":"http:\/\/www.seebuffet-weyregg.at\/en\/wp-json\/wp\/v2\/comments?post=224"}],"version-history":[{"count":0,"href":"http:\/\/www.seebuffet-weyregg.at\/en\/wp-json\/wp\/v2\/pages\/224\/revisions"}],"wp:featuredmedia":[{"embeddable":true,"href":"http:\/\/www.seebuffet-weyregg.at\/en\/wp-json\/wp\/v2\/media\/1584"}],"wp:attachment":[{"href":"http:\/\/www.seebuffet-weyregg.at\/en\/wp-json\/wp\/v2\/media?parent=224"}],"curies":[{"name":"wp","href":"https:\/\/api.w.org\/{rel}","templated":true}]}}