{"id":191,"date":"2023-04-25T10:33:47","date_gmt":"2023-04-25T08:33:47","guid":{"rendered":"https:\/\/www.seebuffet-weyregg.at\/contact-copy\/"},"modified":"2025-08-25T11:32:35","modified_gmt":"2025-08-25T09:32:35","slug":"kontakt","status":"publish","type":"page","link":"http:\/\/www.seebuffet-weyregg.at\/en\/kontakt\/","title":{"rendered":"Das See-Buffet Weyregg am Attersee"},"content":{"rendered":"<div data-elementor-type=\"wp-page\" data-elementor-id=\"191\" class=\"elementor elementor-191\" data-elementor-post-type=\"page\">\n\t\t\t\t\t\t<section class=\"elementor-section elementor-top-section elementor-element elementor-element-2857f48 elementor-section-stretched elementor-section-boxed elementor-section-height-default elementor-section-height-default\" data-id=\"2857f48\" data-element_type=\"section\" data-settings=\"{&quot;stretch_section&quot;:&quot;section-stretched&quot;,&quot;background_background&quot;:&quot;classic&quot;}\">\n\t\t\t\t\t\t<div class=\"elementor-container elementor-column-gap-wider\">\n\t\t\t\t\t<div class=\"elementor-column elementor-col-100 elementor-top-column elementor-element elementor-element-437f00e\" data-id=\"437f00e\" data-element_type=\"column\">\n\t\t\t<div class=\"elementor-widget-wrap elementor-element-populated\">\n\t\t\t\t\t\t<section class=\"elementor-section elementor-inner-section elementor-element elementor-element-df48614 elementor-section-boxed elementor-section-height-default elementor-section-height-default\" data-id=\"df48614\" data-element_type=\"section\">\n\t\t\t\t\t\t<div class=\"elementor-container elementor-column-gap-no\">\n\t\t\t\t\t<div class=\"elementor-column elementor-col-50 elementor-inner-column elementor-element elementor-element-e99ffdb\" data-id=\"e99ffdb\" data-element_type=\"column\" data-settings=\"{&quot;background_background&quot;:&quot;classic&quot;}\">\n\t\t\t<div class=\"elementor-widget-wrap elementor-element-populated\">\n\t\t\t\t\t\t<div class=\"elementor-element elementor-element-c9f912c elementor-widget elementor-widget-text-editor\" data-id=\"c9f912c\" data-element_type=\"widget\" data-widget_type=\"text-editor.default\">\n\t\t\t\t<div class=\"elementor-widget-container\">\n\t\t\t\t\t\t\t\t\t<h3><strong>Norbert Walkner<\/strong><br \/>Jubil\u00e4umsallee, 4852 Weyregg am Attersee<\/h3>\t\t\t\t\t\t\t\t<\/div>\n\t\t\t\t<\/div>\n\t\t\t\t<div class=\"elementor-element elementor-element-13d5274 elementor-hidden-tablet elementor-hidden-mobile elementor-widget elementor-widget-spacer\" data-id=\"13d5274\" data-element_type=\"widget\" data-widget_type=\"spacer.default\">\n\t\t\t\t<div class=\"elementor-widget-container\">\n\t\t\t\t\t\t\t<div class=\"elementor-spacer\">\n\t\t\t<div class=\"elementor-spacer-inner\"><\/div>\n\t\t<\/div>\n\t\t\t\t\t\t<\/div>\n\t\t\t\t<\/div>\n\t\t\t\t<div class=\"elementor-element elementor-element-38352d3 elementor-icon-list--layout-traditional elementor-list-item-link-full_width elementor-widget elementor-widget-icon-list\" data-id=\"38352d3\" data-element_type=\"widget\" data-widget_type=\"icon-list.default\">\n\t\t\t\t<div class=\"elementor-widget-container\">\n\t\t\t\t\t\t\t<ul class=\"elementor-icon-list-items\">\n\t\t\t\t\t\t\t<li class=\"elementor-icon-list-item\">\n\t\t\t\t\t\t\t\t\t\t\t<a href=\"tel:00436642541383\">\n\n\t\t\t\t\t\t\t\t\t\t\t\t<span class=\"elementor-icon-list-icon\">\n\t\t\t\t\t\t\t<i aria-hidden=\"true\" class=\"fas fa-phone\"><\/i>\t\t\t\t\t\t<\/span>\n\t\t\t\t\t\t\t\t\t\t<span class=\"elementor-icon-list-text\">+43  664  254 13 83<\/span>\n\t\t\t\t\t\t\t\t\t\t\t<\/a>\n\t\t\t\t\t\t\t\t\t<\/li>\n\t\t\t\t\t\t\t\t<li class=\"elementor-icon-list-item\">\n\t\t\t\t\t\t\t\t\t\t\t<a href=\"mailto:office@seebuffet-weyregg.at\">\n\n\t\t\t\t\t\t\t\t\t\t\t\t<span class=\"elementor-icon-list-icon\">\n\t\t\t\t\t\t\t<i aria-hidden=\"true\" class=\"fas fa-envelope\"><\/i>\t\t\t\t\t\t<\/span>\n\t\t\t\t\t\t\t\t\t\t<span class=\"elementor-icon-list-text\">office@seebuffet-weyregg.at<\/span>\n\t\t\t\t\t\t\t\t\t\t\t<\/a>\n\t\t\t\t\t\t\t\t\t<\/li>\n\t\t\t\t\t\t<\/ul>\n\t\t\t\t\t\t<\/div>\n\t\t\t\t<\/div>\n\t\t\t\t\t<\/div>\n\t\t<\/div>\n\t\t\t\t<div class=\"elementor-column elementor-col-50 elementor-inner-column elementor-element elementor-element-0f6ae81\" data-id=\"0f6ae81\" data-element_type=\"column\" data-settings=\"{&quot;background_background&quot;:&quot;classic&quot;}\">\n\t\t\t<div class=\"elementor-widget-wrap elementor-element-populated\">\n\t\t\t\t\t\t<div class=\"elementor-element elementor-element-590e80c elementor-widget elementor-widget-spacer\" data-id=\"590e80c\" data-element_type=\"widget\" data-widget_type=\"spacer.default\">\n\t\t\t\t<div class=\"elementor-widget-container\">\n\t\t\t\t\t\t\t<div class=\"elementor-spacer\">\n\t\t\t<div class=\"elementor-spacer-inner\"><\/div>\n\t\t<\/div>\n\t\t\t\t\t\t<\/div>\n\t\t\t\t<\/div>\n\t\t\t\t\t<\/div>\n\t\t<\/div>\n\t\t\t\t\t<\/div>\n\t\t<\/section>\n\t\t\t\t\t<\/div>\n\t\t<\/div>\n\t\t\t\t\t<\/div>\n\t\t<\/section>\n\t\t\t\t<section class=\"elementor-section elementor-top-section elementor-element elementor-element-6f599d2 elementor-section-full_width elementor-section-stretched elementor-section-height-default elementor-section-height-default\" data-id=\"6f599d2\" data-element_type=\"section\" data-settings=\"{&quot;stretch_section&quot;:&quot;section-stretched&quot;}\">\n\t\t\t\t\t\t<div class=\"elementor-container elementor-column-gap-wider\">\n\t\t\t\t\t<div class=\"elementor-column elementor-col-100 elementor-top-column elementor-element elementor-element-87f4a5b\" data-id=\"87f4a5b\" data-element_type=\"column\">\n\t\t\t<div class=\"elementor-widget-wrap elementor-element-populated\">\n\t\t\t\t\t\t<section class=\"elementor-section elementor-inner-section elementor-element elementor-element-c9e8700 elementor-section-full_width elementor-section-height-default elementor-section-height-default\" data-id=\"c9e8700\" data-element_type=\"section\">\n\t\t\t\t\t\t<div class=\"elementor-container elementor-column-gap-default\">\n\t\t\t\t\t<div class=\"elementor-column elementor-col-50 elementor-inner-column elementor-element elementor-element-bcafd3e elementor-hidden-tablet\" data-id=\"bcafd3e\" data-element_type=\"column\">\n\t\t\t<div class=\"elementor-widget-wrap\">\n\t\t\t\t\t\t\t<\/div>\n\t\t<\/div>\n\t\t\t\t<div class=\"elementor-column elementor-col-50 elementor-inner-column elementor-element elementor-element-74d218b\" data-id=\"74d218b\" data-element_type=\"column\">\n\t\t\t<div class=\"elementor-widget-wrap elementor-element-populated\">\n\t\t\t\t\t\t<div class=\"elementor-element elementor-element-ce21d1b elementor-widget elementor-widget-text-editor\" data-id=\"ce21d1b\" data-element_type=\"widget\" data-widget_type=\"text-editor.default\">\n\t\t\t\t<div class=\"elementor-widget-container\">\n\t\t\t\t\t\t\t\t\t<h6>SEEBUFFET WEYREGG AM ATTERSEE<\/h6><h2>Unsere \u00d6ffnungszeiten<\/h2><p><span lang=\"DE\">Our <strong>Lake buffet<\/strong> has from the beginning <strong>May<\/strong> to middle <strong>September<\/strong> bei Sch\u00f6nwetter t\u00e4glich ge\u00f6ffnet. Die genauen \u00d6ffnungszeiten sind witterungs- und saisonabh\u00e4ngig!<\/span><\/p><p><span lang=\"DE\">Der <strong>Bathing place<\/strong> ist bei Sch\u00f6nwetter t\u00e4glich von <strong>07:00 bis 22:00<\/strong> Uhr ge\u00f6ffnet<\/span><\/p>\t\t\t\t\t\t\t\t<\/div>\n\t\t\t\t<\/div>\n\t\t\t\t\t<\/div>\n\t\t<\/div>\n\t\t\t\t\t<\/div>\n\t\t<\/section>\n\t\t\t\t\t<\/div>\n\t\t<\/div>\n\t\t\t\t\t<\/div>\n\t\t<\/section>\n\t\t\t\t<section class=\"elementor-section elementor-top-section elementor-element elementor-element-5f1de119 elementor-section-stretched elementor-section-boxed elementor-section-height-default elementor-section-height-default\" data-id=\"5f1de119\" data-element_type=\"section\" data-settings=\"{&quot;stretch_section&quot;:&quot;section-stretched&quot;,&quot;background_background&quot;:&quot;classic&quot;}\">\n\t\t\t\t\t\t<div class=\"elementor-container elementor-column-gap-wider\">\n\t\t\t\t\t<div class=\"elementor-column elementor-col-100 elementor-top-column elementor-element elementor-element-360a3234\" data-id=\"360a3234\" data-element_type=\"column\">\n\t\t\t<div class=\"elementor-widget-wrap elementor-element-populated\">\n\t\t\t\t\t\t<section class=\"elementor-section elementor-inner-section elementor-element elementor-element-99818fe elementor-section-boxed elementor-section-height-default elementor-section-height-default\" data-id=\"99818fe\" data-element_type=\"section\">\n\t\t\t\t\t\t<div class=\"elementor-container elementor-column-gap-default\">\n\t\t\t\t\t<div class=\"elementor-column elementor-col-33 elementor-inner-column elementor-element elementor-element-32743042\" data-id=\"32743042\" data-element_type=\"column\">\n\t\t\t<div class=\"elementor-widget-wrap elementor-element-populated\">\n\t\t\t\t\t\t<div class=\"elementor-element elementor-element-162e02ad elementor-widget elementor-widget-image\" data-id=\"162e02ad\" data-element_type=\"widget\" data-widget_type=\"image.default\">\n\t\t\t\t<div class=\"elementor-widget-container\">\n\t\t\t\t\t\t\t\t\t\t\t\t\t\t\t<img fetchpriority=\"high\" decoding=\"async\" width=\"736\" height=\"1008\" src=\"https:\/\/www.seebuffet-weyregg.at\/wp-content\/uploads\/2023\/05\/see-buffet-image6.png\" class=\"attachment-full size-full wp-image-1584\" alt=\"\" srcset=\"https:\/\/www.seebuffet-weyregg.at\/wp-content\/uploads\/2023\/05\/see-buffet-image6.png 736w, https:\/\/www.seebuffet-weyregg.at\/wp-content\/uploads\/2023\/05\/see-buffet-image6-219x300.png 219w, https:\/\/www.seebuffet-weyregg.at\/wp-content\/uploads\/2023\/05\/see-buffet-image6-107x146.png 107w, https:\/\/www.seebuffet-weyregg.at\/wp-content\/uploads\/2023\/05\/see-buffet-image6-37x50.png 37w, https:\/\/www.seebuffet-weyregg.at\/wp-content\/uploads\/2023\/05\/see-buffet-image6-55x75.png 55w\" sizes=\"(max-width: 736px) 100vw, 736px\" \/>\t\t\t\t\t\t\t\t\t\t\t\t\t\t\t<\/div>\n\t\t\t\t<\/div>\n\t\t\t\t\t<\/div>\n\t\t<\/div>\n\t\t\t\t<div class=\"elementor-column elementor-col-66 elementor-inner-column elementor-element elementor-element-1af1070c\" data-id=\"1af1070c\" data-element_type=\"column\">\n\t\t\t<div class=\"elementor-widget-wrap elementor-element-populated\">\n\t\t\t\t\t\t<div class=\"elementor-element elementor-element-526f8b9 elementor-widget elementor-widget-text-editor\" data-id=\"526f8b9\" data-element_type=\"widget\" data-widget_type=\"text-editor.default\">\n\t\t\t\t<div class=\"elementor-widget-container\">\n\t\t\t\t\t\t\t\t\t<h6>ENTDECKEN SIE DEN EINFACHEN WEG ZUM GENUSS<\/h6><h2>Anreise<\/h2>\t\t\t\t\t\t\t\t<\/div>\n\t\t\t\t<\/div>\n\t\t\t\t<div class=\"elementor-element elementor-element-ec861f3 elementor-widget elementor-widget-text-editor\" data-id=\"ec861f3\" data-element_type=\"widget\" data-widget_type=\"text-editor.default\">\n\t\t\t\t<div class=\"elementor-widget-container\">\n\t\t\t\t\t\t\t\t\t<ul><li>von <strong>Salzburg<\/strong> kommend Autobahnabfahrt Seewalchen- rechts, bei der Ampelkreuzung links auf die B152 Richtung Weyregg.<\/li><li>von <strong>Linz<\/strong> kommend Autobahnabfahrt Sch\u00f6rfling- links auf die Umfahrung. Bei der Kreuzung wieder links auf die B152 Richtung Weyregg.<\/li><li>in <strong>Weyregg<\/strong> vor dem Autohaus Eder rechts abbiegen- dann links halten. Sie kommen direkt zum Parkplatz vor der Erholungsanlage.<\/li><\/ul><p>\u00a0<\/p>\t\t\t\t\t\t\t\t<\/div>\n\t\t\t\t<\/div>\n\t\t\t\t\t<\/div>\n\t\t<\/div>\n\t\t\t\t\t<\/div>\n\t\t<\/section>\n\t\t\t\t<div class=\"elementor-element elementor-element-b20f3ce elementor-widget elementor-widget-text-editor\" data-id=\"b20f3ce\" data-element_type=\"widget\" data-widget_type=\"text-editor.default\">\n\t\t\t\t<div class=\"elementor-widget-container\">\n\t\t\t\t\t\t\t\t\t<p>Weitere <strong>Parkm\u00f6glichkeiten<\/strong> finden Sie bei der Tauchbasis (Badeplatz der Bundesforste), neben dem Minigolfplatz oder bei der Feuerwehr.<br>Geb\u00fchrenpflicht \u20ac 8,\u2013\/ Tag.<\/p>\t\t\t\t\t\t\t\t<\/div>\n\t\t\t\t<\/div>\n\t\t\t\t\t<\/div>\n\t\t<\/div>\n\t\t\t\t\t<\/div>\n\t\t<\/section>\n\t\t\t\t<section class=\"elementor-section elementor-top-section elementor-element elementor-element-b758e59 elementor-section-stretched elementor-section-boxed elementor-section-height-default elementor-section-height-default\" data-id=\"b758e59\" data-element_type=\"section\" data-settings=\"{&quot;stretch_section&quot;:&quot;section-stretched&quot;}\">\n\t\t\t\t\t\t<div class=\"elementor-container elementor-column-gap-wider\">\n\t\t\t\t\t<div class=\"elementor-column elementor-col-100 elementor-top-column elementor-element elementor-element-3677849\" data-id=\"3677849\" data-element_type=\"column\">\n\t\t\t<div class=\"elementor-widget-wrap elementor-element-populated\">\n\t\t\t\t\t\t<section class=\"elementor-section elementor-inner-section elementor-element elementor-element-3db14c4 elementor-section-boxed elementor-section-height-default elementor-section-height-default\" data-id=\"3db14c4\" data-element_type=\"section\" data-settings=\"{&quot;background_background&quot;:&quot;classic&quot;}\">\n\t\t\t\t\t\t<div class=\"elementor-container elementor-column-gap-no\">\n\t\t\t\t\t<div class=\"elementor-column elementor-col-50 elementor-inner-column elementor-element elementor-element-4a9e0fe\" data-id=\"4a9e0fe\" data-element_type=\"column\" data-settings=\"{&quot;background_background&quot;:&quot;classic&quot;}\">\n\t\t\t<div class=\"elementor-widget-wrap elementor-element-populated\">\n\t\t\t\t\t\t<div class=\"elementor-element elementor-element-6dae25c elementor-widget elementor-widget-spacer\" data-id=\"6dae25c\" data-element_type=\"widget\" data-widget_type=\"spacer.default\">\n\t\t\t\t<div class=\"elementor-widget-container\">\n\t\t\t\t\t\t\t<div class=\"elementor-spacer\">\n\t\t\t<div class=\"elementor-spacer-inner\"><\/div>\n\t\t<\/div>\n\t\t\t\t\t\t<\/div>\n\t\t\t\t<\/div>\n\t\t\t\t<div class=\"elementor-element elementor-element-86218e8 elementor-widget elementor-widget-heading\" data-id=\"86218e8\" data-element_type=\"widget\" data-widget_type=\"heading.default\">\n\t\t\t\t<div class=\"elementor-widget-container\">\n\t\t\t\t\t<h2 class=\"elementor-heading-title elementor-size-default\">Gutscheine<\/h2>\t\t\t\t<\/div>\n\t\t\t\t<\/div>\n\t\t\t\t<div class=\"elementor-element elementor-element-17b2db9 elementor-widget elementor-widget-text-editor\" data-id=\"17b2db9\" data-element_type=\"widget\" data-widget_type=\"text-editor.default\">\n\t\t\t\t<div class=\"elementor-widget-container\">\n\t\t\t\t\t\t\t\t\t<h5>F\u00fcr Gutscheinanfragen schicken Sie uns einfach eine Mail mit dem Betrag den Sie gerne verschenken m\u00f6chten bzw. der Leistung die Sie gerne als Gutschein kaufen w\u00fcrden.\u00a0<\/h5>\t\t\t\t\t\t\t\t<\/div>\n\t\t\t\t<\/div>\n\t\t\t\t<div class=\"elementor-element elementor-element-935b5af elementor-widget elementor-widget-spacer\" data-id=\"935b5af\" data-element_type=\"widget\" data-widget_type=\"spacer.default\">\n\t\t\t\t<div class=\"elementor-widget-container\">\n\t\t\t\t\t\t\t<div class=\"elementor-spacer\">\n\t\t\t<div class=\"elementor-spacer-inner\"><\/div>\n\t\t<\/div>\n\t\t\t\t\t\t<\/div>\n\t\t\t\t<\/div>\n\t\t\t\t\t<\/div>\n\t\t<\/div>\n\t\t\t\t<div class=\"elementor-column elementor-col-50 elementor-inner-column elementor-element elementor-element-e3ddb14\" data-id=\"e3ddb14\" data-element_type=\"column\" data-settings=\"{&quot;background_background&quot;:&quot;classic&quot;}\">\n\t\t\t<div class=\"elementor-widget-wrap elementor-element-populated\">\n\t\t\t\t\t\t<div class=\"elementor-element elementor-element-6ae8802 elementor-widget elementor-widget-spacer\" data-id=\"6ae8802\" data-element_type=\"widget\" data-widget_type=\"spacer.default\">\n\t\t\t\t<div class=\"elementor-widget-container\">\n\t\t\t\t\t\t\t<div class=\"elementor-spacer\">\n\t\t\t<div class=\"elementor-spacer-inner\"><\/div>\n\t\t<\/div>\n\t\t\t\t\t\t<\/div>\n\t\t\t\t<\/div>\n\t\t\t\t\t<\/div>\n\t\t<\/div>\n\t\t\t\t\t<\/div>\n\t\t<\/section>\n\t\t\t\t\t<\/div>\n\t\t<\/div>\n\t\t\t\t\t<\/div>\n\t\t<\/section>\n\t\t\t\t<\/div>","protected":false},"excerpt":{"rendered":"<p>Norbert WalknerJubil\u00e4umsallee, 4852 Weyregg am Attersee +43 664 254 13<span class=\"excerpt-hellip\"> [\u2026]<\/span><\/p>","protected":false},"author":3,"featured_media":0,"parent":0,"menu_order":60,"comment_status":"open","ping_status":"closed","template":"","meta":{"footnotes":""},"class_list":["post-191","page","type-page","status-publish","hentry"],"yoast_head":"<!-- This site is optimized with the Yoast SEO plugin v24.8.1 - https:\/\/yoast.com\/wordpress\/plugins\/seo\/ -->\n<title>Das See-Buffet Weyregg am Attersee<\/title>\n<meta name=\"description\" content=\"Entdecken Sie den einfachen Weg zum Genuss. Der Badeplatz ist bei Sch\u00f6nwetter t\u00e4glich von 07:00 bis 22:00 Uhr ge\u00f6ffnet.\" \/>\n<meta name=\"robots\" content=\"index, follow, max-snippet:-1, max-image-preview:large, max-video-preview:-1\" \/>\n<link rel=\"canonical\" href=\"https:\/\/www.seebuffet-weyregg.at\/en\/kontakt\/\" \/>\n<meta property=\"og:locale\" content=\"en_US\" \/>\n<meta property=\"og:type\" content=\"article\" \/>\n<meta property=\"og:title\" content=\"Das See-Buffet Weyregg am Attersee\" \/>\n<meta property=\"og:description\" content=\"Entdecken Sie den einfachen Weg zum Genuss. Der Badeplatz ist bei Sch\u00f6nwetter t\u00e4glich von 07:00 bis 22:00 Uhr ge\u00f6ffnet.\" \/>\n<meta property=\"og:url\" content=\"https:\/\/www.seebuffet-weyregg.at\/en\/kontakt\/\" \/>\n<meta property=\"og:site_name\" content=\"Das See-Buffet\" \/>\n<meta property=\"article:modified_time\" content=\"2025-08-25T09:32:35+00:00\" \/>\n<meta property=\"og:image\" content=\"https:\/\/www.seebuffet-weyregg.at\/wp-content\/uploads\/2023\/05\/see-buffet-image6.png\" \/>\n\t<meta property=\"og:image:width\" content=\"736\" \/>\n\t<meta property=\"og:image:height\" content=\"1008\" \/>\n\t<meta property=\"og:image:type\" content=\"image\/png\" \/>\n<meta name=\"twitter:card\" content=\"summary_large_image\" \/>\n<meta name=\"twitter:label1\" content=\"Est. reading time\" \/>\n\t<meta name=\"twitter:data1\" content=\"2 minutes\" \/>\n<script type=\"application\/ld+json\" class=\"yoast-schema-graph\">{\"@context\":\"https:\/\/schema.org\",\"@graph\":[{\"@type\":\"WebPage\",\"@id\":\"https:\/\/www.seebuffet-weyregg.at\/kontakt\/\",\"url\":\"https:\/\/www.seebuffet-weyregg.at\/kontakt\/\",\"name\":\"Das See-Buffet Weyregg am Attersee\",\"isPartOf\":{\"@id\":\"https:\/\/www.seebuffet-weyregg.at\/#website\"},\"primaryImageOfPage\":{\"@id\":\"https:\/\/www.seebuffet-weyregg.at\/kontakt\/#primaryimage\"},\"image\":{\"@id\":\"https:\/\/www.seebuffet-weyregg.at\/kontakt\/#primaryimage\"},\"thumbnailUrl\":\"https:\/\/www.seebuffet-weyregg.at\/wp-content\/uploads\/2023\/05\/see-buffet-image6.png\",\"datePublished\":\"2023-04-25T08:33:47+00:00\",\"dateModified\":\"2025-08-25T09:32:35+00:00\",\"description\":\"Entdecken Sie den einfachen Weg zum Genuss. Der Badeplatz ist bei Sch\u00f6nwetter t\u00e4glich von 07:00 bis 22:00 Uhr ge\u00f6ffnet.\",\"breadcrumb\":{\"@id\":\"https:\/\/www.seebuffet-weyregg.at\/kontakt\/#breadcrumb\"},\"inLanguage\":\"en-US\",\"potentialAction\":[{\"@type\":\"ReadAction\",\"target\":[\"https:\/\/www.seebuffet-weyregg.at\/kontakt\/\"]}]},{\"@type\":\"ImageObject\",\"inLanguage\":\"en-US\",\"@id\":\"https:\/\/www.seebuffet-weyregg.at\/kontakt\/#primaryimage\",\"url\":\"https:\/\/www.seebuffet-weyregg.at\/wp-content\/uploads\/2023\/05\/see-buffet-image6.png\",\"contentUrl\":\"https:\/\/www.seebuffet-weyregg.at\/wp-content\/uploads\/2023\/05\/see-buffet-image6.png\"},{\"@type\":\"BreadcrumbList\",\"@id\":\"https:\/\/www.seebuffet-weyregg.at\/kontakt\/#breadcrumb\",\"itemListElement\":[{\"@type\":\"ListItem\",\"position\":1,\"name\":\"Startseite\",\"item\":\"https:\/\/www.seebuffet-weyregg.at\/\"},{\"@type\":\"ListItem\",\"position\":2,\"name\":\"Das See-Buffet Weyregg am Attersee\"}]},{\"@type\":\"WebSite\",\"@id\":\"https:\/\/www.seebuffet-weyregg.at\/#website\",\"url\":\"https:\/\/www.seebuffet-weyregg.at\/\",\"name\":\"Das See-Buffet\",\"description\":\"Landesbad Weyregg am Attersee\",\"publisher\":{\"@id\":\"https:\/\/www.seebuffet-weyregg.at\/#organization\"},\"potentialAction\":[{\"@type\":\"SearchAction\",\"target\":{\"@type\":\"EntryPoint\",\"urlTemplate\":\"https:\/\/www.seebuffet-weyregg.at\/?s={search_term_string}\"},\"query-input\":{\"@type\":\"PropertyValueSpecification\",\"valueRequired\":true,\"valueName\":\"search_term_string\"}}],\"inLanguage\":\"en-US\"},{\"@type\":\"Organization\",\"@id\":\"https:\/\/www.seebuffet-weyregg.at\/#organization\",\"name\":\"Das See-Buffet\",\"url\":\"https:\/\/www.seebuffet-weyregg.at\/\",\"logo\":{\"@type\":\"ImageObject\",\"inLanguage\":\"en-US\",\"@id\":\"https:\/\/www.seebuffet-weyregg.at\/#\/schema\/logo\/image\/\",\"url\":\"\",\"contentUrl\":\"\",\"caption\":\"Das See-Buffet\"},\"image\":{\"@id\":\"https:\/\/www.seebuffet-weyregg.at\/#\/schema\/logo\/image\/\"}}]}<\/script>\n<!-- \/ Yoast SEO plugin. -->","yoast_head_json":{"title":"Das See-Buffet Weyregg am Attersee","description":"Entdecken Sie den einfachen Weg zum Genuss. Der Badeplatz ist bei Sch\u00f6nwetter t\u00e4glich von 07:00 bis 22:00 Uhr ge\u00f6ffnet.","robots":{"index":"index","follow":"follow","max-snippet":"max-snippet:-1","max-image-preview":"max-image-preview:large","max-video-preview":"max-video-preview:-1"},"canonical":"https:\/\/www.seebuffet-weyregg.at\/en\/kontakt\/","og_locale":"en_US","og_type":"article","og_title":"Das See-Buffet Weyregg am Attersee","og_description":"Entdecken Sie den einfachen Weg zum Genuss. Der Badeplatz ist bei Sch\u00f6nwetter t\u00e4glich von 07:00 bis 22:00 Uhr ge\u00f6ffnet.","og_url":"https:\/\/www.seebuffet-weyregg.at\/en\/kontakt\/","og_site_name":"Das See-Buffet","article_modified_time":"2025-08-25T09:32:35+00:00","og_image":[{"width":736,"height":1008,"url":"https:\/\/www.seebuffet-weyregg.at\/wp-content\/uploads\/2023\/05\/see-buffet-image6.png","type":"image\/png"}],"twitter_card":"summary_large_image","twitter_misc":{"Est. reading time":"2 minutes"},"schema":{"@context":"https:\/\/schema.org","@graph":[{"@type":"WebPage","@id":"https:\/\/www.seebuffet-weyregg.at\/kontakt\/","url":"https:\/\/www.seebuffet-weyregg.at\/kontakt\/","name":"Das See-Buffet Weyregg am Attersee","isPartOf":{"@id":"https:\/\/www.seebuffet-weyregg.at\/#website"},"primaryImageOfPage":{"@id":"https:\/\/www.seebuffet-weyregg.at\/kontakt\/#primaryimage"},"image":{"@id":"https:\/\/www.seebuffet-weyregg.at\/kontakt\/#primaryimage"},"thumbnailUrl":"https:\/\/www.seebuffet-weyregg.at\/wp-content\/uploads\/2023\/05\/see-buffet-image6.png","datePublished":"2023-04-25T08:33:47+00:00","dateModified":"2025-08-25T09:32:35+00:00","description":"Entdecken Sie den einfachen Weg zum Genuss. Der Badeplatz ist bei Sch\u00f6nwetter t\u00e4glich von 07:00 bis 22:00 Uhr ge\u00f6ffnet.","breadcrumb":{"@id":"https:\/\/www.seebuffet-weyregg.at\/kontakt\/#breadcrumb"},"inLanguage":"en-US","potentialAction":[{"@type":"ReadAction","target":["https:\/\/www.seebuffet-weyregg.at\/kontakt\/"]}]},{"@type":"ImageObject","inLanguage":"en-US","@id":"https:\/\/www.seebuffet-weyregg.at\/kontakt\/#primaryimage","url":"https:\/\/www.seebuffet-weyregg.at\/wp-content\/uploads\/2023\/05\/see-buffet-image6.png","contentUrl":"https:\/\/www.seebuffet-weyregg.at\/wp-content\/uploads\/2023\/05\/see-buffet-image6.png"},{"@type":"BreadcrumbList","@id":"https:\/\/www.seebuffet-weyregg.at\/kontakt\/#breadcrumb","itemListElement":[{"@type":"ListItem","position":1,"name":"Startseite","item":"https:\/\/www.seebuffet-weyregg.at\/"},{"@type":"ListItem","position":2,"name":"Das See-Buffet Weyregg am Attersee"}]},{"@type":"WebSite","@id":"https:\/\/www.seebuffet-weyregg.at\/#website","url":"https:\/\/www.seebuffet-weyregg.at\/","name":"The Lake Buffet","description":"Landesbad Weyregg am Attersee","publisher":{"@id":"https:\/\/www.seebuffet-weyregg.at\/#organization"},"potentialAction":[{"@type":"SearchAction","target":{"@type":"EntryPoint","urlTemplate":"https:\/\/www.seebuffet-weyregg.at\/?s={search_term_string}"},"query-input":{"@type":"PropertyValueSpecification","valueRequired":true,"valueName":"search_term_string"}}],"inLanguage":"en-US"},{"@type":"Organization","@id":"https:\/\/www.seebuffet-weyregg.at\/#organization","name":"The Lake Buffet","url":"https:\/\/www.seebuffet-weyregg.at\/","logo":{"@type":"ImageObject","inLanguage":"en-US","@id":"https:\/\/www.seebuffet-weyregg.at\/#\/schema\/logo\/image\/","url":"","contentUrl":"","caption":"Das See-Buffet"},"image":{"@id":"https:\/\/www.seebuffet-weyregg.at\/#\/schema\/logo\/image\/"}}]}},"_links":{"self":[{"href":"http:\/\/www.seebuffet-weyregg.at\/en\/wp-json\/wp\/v2\/pages\/191","targetHints":{"allow":["GET"]}}],"collection":[{"href":"http:\/\/www.seebuffet-weyregg.at\/en\/wp-json\/wp\/v2\/pages"}],"about":[{"href":"http:\/\/www.seebuffet-weyregg.at\/en\/wp-json\/wp\/v2\/types\/page"}],"author":[{"embeddable":true,"href":"http:\/\/www.seebuffet-weyregg.at\/en\/wp-json\/wp\/v2\/users\/3"}],"replies":[{"embeddable":true,"href":"http:\/\/www.seebuffet-weyregg.at\/en\/wp-json\/wp\/v2\/comments?post=191"}],"version-history":[{"count":0,"href":"http:\/\/www.seebuffet-weyregg.at\/en\/wp-json\/wp\/v2\/pages\/191\/revisions"}],"wp:attachment":[{"href":"http:\/\/www.seebuffet-weyregg.at\/en\/wp-json\/wp\/v2\/media?parent=191"}],"curies":[{"name":"wp","href":"https:\/\/api.w.org\/{rel}","templated":true}]}}