{"id":15,"date":"2021-03-02T11:05:00","date_gmt":"2021-03-02T10:05:00","guid":{"rendered":"https:\/\/www.seebuffet-weyregg.at\/?page_id=15"},"modified":"2023-05-17T11:43:09","modified_gmt":"2023-05-17T09:43:09","slug":"kulinarisches","status":"publish","type":"page","link":"http:\/\/www.seebuffet-weyregg.at\/en\/kulinarisches\/","title":{"rendered":"Genussvolle Vielfalt am Ufer des Attersees"},"content":{"rendered":"<div data-elementor-type=\"wp-page\" data-elementor-id=\"15\" class=\"elementor elementor-15\" data-elementor-post-type=\"page\">\n\t\t\t\t\t\t<section class=\"elementor-section elementor-top-section elementor-element elementor-element-5d4b1bb elementor-section-full_width elementor-section-stretched elementor-hidden-tablet elementor-hidden-mobile elementor-section-height-default elementor-section-height-default\" data-id=\"5d4b1bb\" data-element_type=\"section\" data-settings=\"{&quot;stretch_section&quot;:&quot;section-stretched&quot;,&quot;background_background&quot;:&quot;classic&quot;}\">\n\t\t\t\t\t\t<div class=\"elementor-container elementor-column-gap-wider\">\n\t\t\t\t\t<div class=\"elementor-column elementor-col-100 elementor-top-column elementor-element elementor-element-809eef9\" data-id=\"809eef9\" data-element_type=\"column\" data-settings=\"{&quot;background_background&quot;:&quot;classic&quot;}\">\n\t\t\t<div class=\"elementor-widget-wrap elementor-element-populated\">\n\t\t\t\t\t\t<section class=\"elementor-section elementor-inner-section elementor-element elementor-element-98fd1c4 elementor-section-full_width elementor-section-height-default elementor-section-height-default\" data-id=\"98fd1c4\" data-element_type=\"section\">\n\t\t\t\t\t\t<div class=\"elementor-container elementor-column-gap-default\">\n\t\t\t\t\t<div class=\"elementor-column elementor-col-50 elementor-inner-column elementor-element elementor-element-8bb2c39\" data-id=\"8bb2c39\" data-element_type=\"column\">\n\t\t\t<div class=\"elementor-widget-wrap\">\n\t\t\t\t\t\t\t<\/div>\n\t\t<\/div>\n\t\t\t\t<div class=\"elementor-column elementor-col-50 elementor-inner-column elementor-element elementor-element-16b5e27\" data-id=\"16b5e27\" data-element_type=\"column\">\n\t\t\t<div class=\"elementor-widget-wrap elementor-element-populated\">\n\t\t\t\t\t\t<div class=\"elementor-element elementor-element-9c3541f elementor-widget elementor-widget-image\" data-id=\"9c3541f\" data-element_type=\"widget\" data-widget_type=\"image.default\">\n\t\t\t\t<div class=\"elementor-widget-container\">\n\t\t\t\t\t\t\t\t\t\t\t\t\t\t\t<img fetchpriority=\"high\" decoding=\"async\" width=\"1200\" height=\"801\" src=\"https:\/\/www.seebuffet-weyregg.at\/wp-content\/uploads\/2023\/05\/see-buffet-image14.webp\" class=\"attachment-full size-full wp-image-1718\" alt=\"\" srcset=\"https:\/\/www.seebuffet-weyregg.at\/wp-content\/uploads\/2023\/05\/see-buffet-image14.webp 1200w, https:\/\/www.seebuffet-weyregg.at\/wp-content\/uploads\/2023\/05\/see-buffet-image14-300x200.webp 300w, https:\/\/www.seebuffet-weyregg.at\/wp-content\/uploads\/2023\/05\/see-buffet-image14-1024x684.webp 1024w, https:\/\/www.seebuffet-weyregg.at\/wp-content\/uploads\/2023\/05\/see-buffet-image14-768x513.webp 768w, https:\/\/www.seebuffet-weyregg.at\/wp-content\/uploads\/2023\/05\/see-buffet-image14-219x146.webp 219w, https:\/\/www.seebuffet-weyregg.at\/wp-content\/uploads\/2023\/05\/see-buffet-image14-50x33.webp 50w, https:\/\/www.seebuffet-weyregg.at\/wp-content\/uploads\/2023\/05\/see-buffet-image14-112x75.webp 112w\" sizes=\"(max-width: 1200px) 100vw, 1200px\" \/>\t\t\t\t\t\t\t\t\t\t\t\t\t\t\t<\/div>\n\t\t\t\t<\/div>\n\t\t\t\t\t<\/div>\n\t\t<\/div>\n\t\t\t\t\t<\/div>\n\t\t<\/section>\n\t\t\t\t\t<\/div>\n\t\t<\/div>\n\t\t\t\t\t<\/div>\n\t\t<\/section>\n\t\t\t\t<section class=\"elementor-section elementor-top-section elementor-element elementor-element-085993b elementor-section-full_width elementor-section-stretched elementor-section-height-default elementor-section-height-default\" data-id=\"085993b\" data-element_type=\"section\" data-settings=\"{&quot;stretch_section&quot;:&quot;section-stretched&quot;}\">\n\t\t\t\t\t\t<div class=\"elementor-container elementor-column-gap-wider\">\n\t\t\t\t\t<div class=\"elementor-column elementor-col-100 elementor-top-column elementor-element elementor-element-34edd85\" data-id=\"34edd85\" data-element_type=\"column\">\n\t\t\t<div class=\"elementor-widget-wrap elementor-element-populated\">\n\t\t\t\t\t\t<section class=\"elementor-section elementor-inner-section elementor-element elementor-element-a884a3c elementor-section-full_width elementor-section-height-default elementor-section-height-default\" data-id=\"a884a3c\" data-element_type=\"section\">\n\t\t\t\t\t\t<div class=\"elementor-container elementor-column-gap-default\">\n\t\t\t\t\t<div class=\"elementor-column elementor-col-50 elementor-inner-column elementor-element elementor-element-3def1a8 elementor-hidden-tablet\" data-id=\"3def1a8\" data-element_type=\"column\">\n\t\t\t<div class=\"elementor-widget-wrap elementor-element-populated\">\n\t\t\t\t\t\t<div class=\"elementor-element elementor-element-a792784 elementor-widget elementor-widget-image\" data-id=\"a792784\" data-element_type=\"widget\" data-widget_type=\"image.default\">\n\t\t\t\t<div class=\"elementor-widget-container\">\n\t\t\t\t\t\t\t\t\t\t\t\t\t\t\t<img decoding=\"async\" width=\"708\" height=\"949\" src=\"https:\/\/www.seebuffet-weyregg.at\/wp-content\/uploads\/2023\/05\/alpenblick-image16.webp\" class=\"attachment-full size-full wp-image-770\" alt=\"\" srcset=\"https:\/\/www.seebuffet-weyregg.at\/wp-content\/uploads\/2023\/05\/alpenblick-image16.webp 708w, https:\/\/www.seebuffet-weyregg.at\/wp-content\/uploads\/2023\/05\/alpenblick-image16-224x300.webp 224w, https:\/\/www.seebuffet-weyregg.at\/wp-content\/uploads\/2023\/05\/alpenblick-image16-109x146.webp 109w, https:\/\/www.seebuffet-weyregg.at\/wp-content\/uploads\/2023\/05\/alpenblick-image16-37x50.webp 37w, https:\/\/www.seebuffet-weyregg.at\/wp-content\/uploads\/2023\/05\/alpenblick-image16-56x75.webp 56w\" sizes=\"(max-width: 708px) 100vw, 708px\" \/>\t\t\t\t\t\t\t\t\t\t\t\t\t\t\t<\/div>\n\t\t\t\t<\/div>\n\t\t\t\t\t<\/div>\n\t\t<\/div>\n\t\t\t\t<div class=\"elementor-column elementor-col-50 elementor-inner-column elementor-element elementor-element-adc56d3\" data-id=\"adc56d3\" data-element_type=\"column\">\n\t\t\t<div class=\"elementor-widget-wrap elementor-element-populated\">\n\t\t\t\t\t\t<div class=\"elementor-element elementor-element-8431ba0 elementor-widget elementor-widget-text-editor\" data-id=\"8431ba0\" data-element_type=\"widget\" data-widget_type=\"text-editor.default\">\n\t\t\t\t<div class=\"elementor-widget-container\">\n\t\t\t\t\t\t\t\t\t<h6>REGIONALE<\/h6><h2>Gerichte<\/h2><p>Schon in den fr\u00fchen Morgenstunden beginnt in unserer K\u00fcche das Backen und Vorbereiten. F\u00fcr alle <strong>Fr\u00fchaufsteher<\/strong> bieten wir vormittags eine kleine Auswahl f\u00fcr ein <strong>k\u00f6stliches Fr\u00fchst\u00fcck<\/strong> an. Mit leckerer Marmelade, Butter, einem Schinken-K\u00e4se-Teller und frischem Geb\u00e4ck k\u00f6nnt ihr den Morgen mit Blick auf den atemberaubenden Attersee genie\u00dfen!<\/p><p>In unserer See-Buffet-K\u00fcche ist es nicht nur die sommerliche Hitze, die f\u00fcr Aufregung sorgt &#8211; bei sch\u00f6nem Wetter beginnen wir <strong>t\u00e4glich ab 11:00 Uhr<\/strong> mit dem Zubereiten k\u00f6stlicher Gerichte!<\/p>\t\t\t\t\t\t\t\t<\/div>\n\t\t\t\t<\/div>\n\t\t\t\t\t<\/div>\n\t\t<\/div>\n\t\t\t\t\t<\/div>\n\t\t<\/section>\n\t\t\t\t\t<\/div>\n\t\t<\/div>\n\t\t\t\t\t<\/div>\n\t\t<\/section>\n\t\t\t\t<section class=\"elementor-section elementor-top-section elementor-element elementor-element-7154739 elementor-section-stretched elementor-section-boxed elementor-section-height-default elementor-section-height-default\" data-id=\"7154739\" data-element_type=\"section\" data-settings=\"{&quot;stretch_section&quot;:&quot;section-stretched&quot;,&quot;background_background&quot;:&quot;classic&quot;}\">\n\t\t\t\t\t\t<div class=\"elementor-container elementor-column-gap-wider\">\n\t\t\t\t\t<div class=\"elementor-column elementor-col-100 elementor-top-column elementor-element elementor-element-ea324db\" data-id=\"ea324db\" data-element_type=\"column\">\n\t\t\t<div class=\"elementor-widget-wrap elementor-element-populated\">\n\t\t\t\t\t\t<section class=\"elementor-section elementor-inner-section elementor-element elementor-element-c782c64 elementor-section-boxed elementor-section-height-default elementor-section-height-default\" data-id=\"c782c64\" data-element_type=\"section\">\n\t\t\t\t\t\t<div class=\"elementor-container elementor-column-gap-default\">\n\t\t\t\t\t<div class=\"elementor-column elementor-col-100 elementor-inner-column elementor-element elementor-element-9633b22\" data-id=\"9633b22\" data-element_type=\"column\">\n\t\t\t<div class=\"elementor-widget-wrap elementor-element-populated\">\n\t\t\t\t\t\t<div class=\"elementor-element elementor-element-6531c72 elementor-widget elementor-widget-text-editor\" data-id=\"6531c72\" data-element_type=\"widget\" data-widget_type=\"text-editor.default\">\n\t\t\t\t<div class=\"elementor-widget-container\">\n\t\t\t\t\t\t\t\t\t<h6>UNSERE SPEZIALIT\u00c4TEN\u00a0<\/h6><h2>Genie\u00dfen Sie den Tag am Attersee<\/h2><p>Freut euch auf <strong>hausgemachte Pizzen<\/strong>, <strong>saftige Steaks<\/strong> vom hei\u00dfen Stein oder beliebte Grillklassiker wie <strong>K\u00e4sekrainer<\/strong> oder <strong>Bosna<\/strong>. F\u00fcr diejenigen, die an warmen Tagen leichtere Speisen bevorzugen, bieten wir eine Auswahl <strong>frisch zubereiteter Salate<\/strong> an.<\/p><p>Ein besonderes Highlight sind unsere frisch <strong>ger\u00e4ucherten Forellen<\/strong>, die wir einmal w\u00f6chentlich bei sch\u00f6nem Wetter in unserem Selchh\u00e4uschen zubereiten. Zus\u00e4tzliche Abwechslung auf unserer Speisekarte bieten unsere <strong>wechselnden Tagesangebote.<\/strong><\/p><p>Nat\u00fcrlich kommen auch <strong>Naschkatzen<\/strong> bei uns auf ihre Kosten. Frische Kuchen, Strudel und k\u00f6stliche Eisbecher warten darauf, von euch probiert zu werden!<\/p>\t\t\t\t\t\t\t\t<\/div>\n\t\t\t\t<\/div>\n\t\t\t\t\t<\/div>\n\t\t<\/div>\n\t\t\t\t\t<\/div>\n\t\t<\/section>\n\t\t\t\t\t<\/div>\n\t\t<\/div>\n\t\t\t\t\t<\/div>\n\t\t<\/section>\n\t\t\t\t<section class=\"elementor-section elementor-top-section elementor-element elementor-element-b98032a elementor-section-stretched elementor-section-boxed elementor-section-height-default elementor-section-height-default\" data-id=\"b98032a\" data-element_type=\"section\" data-settings=\"{&quot;stretch_section&quot;:&quot;section-stretched&quot;,&quot;background_background&quot;:&quot;classic&quot;}\">\n\t\t\t\t\t\t<div class=\"elementor-container elementor-column-gap-wider\">\n\t\t\t\t\t<div class=\"elementor-column elementor-col-100 elementor-top-column elementor-element elementor-element-c92a6a9\" data-id=\"c92a6a9\" data-element_type=\"column\">\n\t\t\t<div class=\"elementor-widget-wrap elementor-element-populated\">\n\t\t\t\t\t\t<section class=\"elementor-section elementor-inner-section elementor-element elementor-element-5883ef5 elementor-section-boxed elementor-section-height-default elementor-section-height-default\" data-id=\"5883ef5\" data-element_type=\"section\">\n\t\t\t\t\t\t<div class=\"elementor-container elementor-column-gap-no\">\n\t\t\t\t\t<div class=\"elementor-column elementor-col-50 elementor-inner-column elementor-element elementor-element-383c28a\" data-id=\"383c28a\" data-element_type=\"column\" data-settings=\"{&quot;background_background&quot;:&quot;classic&quot;}\">\n\t\t\t<div class=\"elementor-widget-wrap elementor-element-populated\">\n\t\t\t\t\t\t<div class=\"elementor-element elementor-element-b5539b0 elementor-widget elementor-widget-spacer\" data-id=\"b5539b0\" data-element_type=\"widget\" data-widget_type=\"spacer.default\">\n\t\t\t\t<div class=\"elementor-widget-container\">\n\t\t\t\t\t\t\t<div class=\"elementor-spacer\">\n\t\t\t<div class=\"elementor-spacer-inner\"><\/div>\n\t\t<\/div>\n\t\t\t\t\t\t<\/div>\n\t\t\t\t<\/div>\n\t\t\t\t<div class=\"elementor-element elementor-element-5d6893f elementor-widget elementor-widget-text-editor\" data-id=\"5d6893f\" data-element_type=\"widget\" data-widget_type=\"text-editor.default\">\n\t\t\t\t<div class=\"elementor-widget-container\">\n\t\t\t\t\t\t\t\t\t<p>SEEBUFFET WEYREGG AM ATTERSEE<\/p>\t\t\t\t\t\t\t\t<\/div>\n\t\t\t\t<\/div>\n\t\t\t\t<div class=\"elementor-element elementor-element-8722c85 elementor-widget elementor-widget-heading\" data-id=\"8722c85\" data-element_type=\"widget\" data-widget_type=\"heading.default\">\n\t\t\t\t<div class=\"elementor-widget-container\">\n\t\t\t\t\t<h2 class=\"elementor-heading-title elementor-size-default\">\u00d6ffnungszeiten<\/h2>\t\t\t\t<\/div>\n\t\t\t\t<\/div>\n\t\t\t\t<div class=\"elementor-element elementor-element-f6f32be elementor-widget elementor-widget-text-editor\" data-id=\"f6f32be\" data-element_type=\"widget\" data-widget_type=\"text-editor.default\">\n\t\t\t\t<div class=\"elementor-widget-container\">\n\t\t\t\t\t\t\t\t\t<p><span lang=\"DE\">Our <strong>Lake buffet<\/strong> has from the beginning <strong>May<\/strong> to middle <strong>September<\/strong> in good weather daily from <strong>11:00 to 20:00<\/strong> o'clock, during the holiday periods from <strong>9:00 to 21:00<\/strong> open for you.<\/span><\/p><p><span lang=\"DE\">Der <strong>Bathing place<\/strong> ist bei Sch\u00f6nwetter t\u00e4glich von <strong>07:00 bis 22:00<\/strong> Uhr ge\u00f6ffnet<\/span><\/p>\t\t\t\t\t\t\t\t<\/div>\n\t\t\t\t<\/div>\n\t\t\t\t<div class=\"elementor-element elementor-element-dcd1dd4 elementor-widget elementor-widget-spacer\" data-id=\"dcd1dd4\" data-element_type=\"widget\" data-widget_type=\"spacer.default\">\n\t\t\t\t<div class=\"elementor-widget-container\">\n\t\t\t\t\t\t\t<div class=\"elementor-spacer\">\n\t\t\t<div class=\"elementor-spacer-inner\"><\/div>\n\t\t<\/div>\n\t\t\t\t\t\t<\/div>\n\t\t\t\t<\/div>\n\t\t\t\t\t<\/div>\n\t\t<\/div>\n\t\t\t\t<div class=\"elementor-column elementor-col-50 elementor-inner-column elementor-element elementor-element-c03aaac\" data-id=\"c03aaac\" data-element_type=\"column\">\n\t\t\t<div class=\"elementor-widget-wrap elementor-element-populated\">\n\t\t\t\t\t\t<div class=\"elementor-element elementor-element-1f82b0b elementor-widget elementor-widget-spacer\" data-id=\"1f82b0b\" data-element_type=\"widget\" data-widget_type=\"spacer.default\">\n\t\t\t\t<div class=\"elementor-widget-container\">\n\t\t\t\t\t\t\t<div class=\"elementor-spacer\">\n\t\t\t<div class=\"elementor-spacer-inner\"><\/div>\n\t\t<\/div>\n\t\t\t\t\t\t<\/div>\n\t\t\t\t<\/div>\n\t\t\t\t\t<\/div>\n\t\t<\/div>\n\t\t\t\t\t<\/div>\n\t\t<\/section>\n\t\t\t\t\t<\/div>\n\t\t<\/div>\n\t\t\t\t\t<\/div>\n\t\t<\/section>\n\t\t\t\t<section class=\"elementor-section elementor-top-section elementor-element elementor-element-0dabb17 elementor-section-stretched elementor-section-boxed elementor-section-height-default elementor-section-height-default\" data-id=\"0dabb17\" data-element_type=\"section\" data-settings=\"{&quot;stretch_section&quot;:&quot;section-stretched&quot;,&quot;background_background&quot;:&quot;classic&quot;}\">\n\t\t\t\t\t\t<div class=\"elementor-container elementor-column-gap-wider\">\n\t\t\t\t\t<div class=\"elementor-column elementor-col-100 elementor-top-column elementor-element elementor-element-6df57d6\" data-id=\"6df57d6\" data-element_type=\"column\" data-settings=\"{&quot;background_background&quot;:&quot;classic&quot;}\">\n\t\t\t<div class=\"elementor-widget-wrap elementor-element-populated\">\n\t\t\t\t\t\t<section class=\"elementor-section elementor-inner-section elementor-element elementor-element-06527cc elementor-section-full_width elementor-section-height-default elementor-section-height-default\" data-id=\"06527cc\" data-element_type=\"section\" data-settings=\"{&quot;background_background&quot;:&quot;classic&quot;}\">\n\t\t\t\t\t\t<div class=\"elementor-container elementor-column-gap-default\">\n\t\t\t\t\t<div class=\"elementor-column elementor-col-100 elementor-inner-column elementor-element elementor-element-5b50a4c\" data-id=\"5b50a4c\" data-element_type=\"column\">\n\t\t\t<div class=\"elementor-widget-wrap elementor-element-populated\">\n\t\t\t\t\t\t<div class=\"elementor-element elementor-element-9be3891 elementor-widget elementor-widget-text-editor\" data-id=\"9be3891\" data-element_type=\"widget\" data-widget_type=\"text-editor.default\">\n\t\t\t\t<div class=\"elementor-widget-container\">\n\t\t\t\t\t\t\t\t\t<h2>Erleben Sie herzliche Gastfreundschaft und atemberaubende Ausblicke im Seebuffet Weyregg!<\/h2>\t\t\t\t\t\t\t\t<\/div>\n\t\t\t\t<\/div>\n\t\t\t\t<div class=\"elementor-element elementor-element-f21d2e5 elementor-align-justify elementor-widget elementor-widget-button\" data-id=\"f21d2e5\" data-element_type=\"widget\" data-widget_type=\"button.default\">\n\t\t\t\t<div class=\"elementor-widget-container\">\n\t\t\t\t\t\t\t\t\t<div class=\"elementor-button-wrapper\">\n\t\t\t\t\t<a class=\"elementor-button elementor-button-link elementor-size-sm\" href=\"https:\/\/www.seebuffet-weyregg.at\/en\/kontakt\/\">\n\t\t\t\t\t\t<span class=\"elementor-button-content-wrapper\">\n\t\t\t\t\t\t\t\t\t<span class=\"elementor-button-text\">ANFAHRT & PARKEN<\/span>\n\t\t\t\t\t<\/span>\n\t\t\t\t\t<\/a>\n\t\t\t\t<\/div>\n\t\t\t\t\t\t\t\t<\/div>\n\t\t\t\t<\/div>\n\t\t\t\t<div class=\"elementor-element elementor-element-9bd3814 elementor-widget elementor-widget-spacer\" data-id=\"9bd3814\" data-element_type=\"widget\" data-widget_type=\"spacer.default\">\n\t\t\t\t<div class=\"elementor-widget-container\">\n\t\t\t\t\t\t\t<div class=\"elementor-spacer\">\n\t\t\t<div class=\"elementor-spacer-inner\"><\/div>\n\t\t<\/div>\n\t\t\t\t\t\t<\/div>\n\t\t\t\t<\/div>\n\t\t\t\t\t<\/div>\n\t\t<\/div>\n\t\t\t\t\t<\/div>\n\t\t<\/section>\n\t\t\t\t\t<\/div>\n\t\t<\/div>\n\t\t\t\t\t<\/div>\n\t\t<\/section>\n\t\t\t\t<\/div>","protected":false},"excerpt":{"rendered":"<p>REGIONALE Gerichte Schon in den fr\u00fchen Morgenstunden beginnt in unserer<span class=\"excerpt-hellip\"> [\u2026]<\/span><\/p>","protected":false},"author":3,"featured_media":0,"parent":0,"menu_order":30,"comment_status":"open","ping_status":"closed","template":"","meta":{"footnotes":""},"class_list":["post-15","page","type-page","status-publish","hentry"],"yoast_head":"<!-- This site is optimized with the Yoast SEO plugin v24.8.1 - https:\/\/yoast.com\/wordpress\/plugins\/seo\/ -->\n<title>See-Buffet Weyregg - Kulinarisches<\/title>\n<meta name=\"description\" content=\"Freut euch auf hausgemachte Pizzen, saftige Steaks vom hei\u00dfen Stein oder beliebte Grillklassiker wie K\u00e4sekrainer oder Bosna.\" \/>\n<meta name=\"robots\" content=\"index, follow, max-snippet:-1, max-image-preview:large, max-video-preview:-1\" \/>\n<link rel=\"canonical\" href=\"https:\/\/www.seebuffet-weyregg.at\/en\/kulinarisches\/\" \/>\n<meta property=\"og:locale\" content=\"en_US\" \/>\n<meta property=\"og:type\" content=\"article\" \/>\n<meta property=\"og:title\" content=\"See-Buffet Weyregg - Kulinarisches\" \/>\n<meta property=\"og:description\" content=\"Freut euch auf hausgemachte Pizzen, saftige Steaks vom hei\u00dfen Stein oder beliebte Grillklassiker wie K\u00e4sekrainer oder Bosna.\" \/>\n<meta property=\"og:url\" content=\"https:\/\/www.seebuffet-weyregg.at\/en\/kulinarisches\/\" \/>\n<meta property=\"og:site_name\" content=\"Das See-Buffet\" \/>\n<meta property=\"article:modified_time\" content=\"2023-05-17T09:43:09+00:00\" \/>\n<meta property=\"og:image\" content=\"https:\/\/www.seebuffet-weyregg.at\/wp-content\/uploads\/2023\/05\/see-buffet-image14.webp\" \/>\n<meta name=\"twitter:card\" content=\"summary_large_image\" \/>\n<meta name=\"twitter:label1\" content=\"Est. reading time\" \/>\n\t<meta name=\"twitter:data1\" content=\"2 minutes\" \/>\n<script type=\"application\/ld+json\" class=\"yoast-schema-graph\">{\"@context\":\"https:\/\/schema.org\",\"@graph\":[{\"@type\":\"WebPage\",\"@id\":\"https:\/\/www.seebuffet-weyregg.at\/kulinarisches\/\",\"url\":\"https:\/\/www.seebuffet-weyregg.at\/kulinarisches\/\",\"name\":\"See-Buffet Weyregg - Kulinarisches\",\"isPartOf\":{\"@id\":\"https:\/\/www.seebuffet-weyregg.at\/#website\"},\"primaryImageOfPage\":{\"@id\":\"https:\/\/www.seebuffet-weyregg.at\/kulinarisches\/#primaryimage\"},\"image\":{\"@id\":\"https:\/\/www.seebuffet-weyregg.at\/kulinarisches\/#primaryimage\"},\"thumbnailUrl\":\"https:\/\/www.seebuffet-weyregg.at\/wp-content\/uploads\/2023\/05\/see-buffet-image14.webp\",\"datePublished\":\"2021-03-02T10:05:00+00:00\",\"dateModified\":\"2023-05-17T09:43:09+00:00\",\"description\":\"Freut euch auf hausgemachte Pizzen, saftige Steaks vom hei\u00dfen Stein oder beliebte Grillklassiker wie K\u00e4sekrainer oder Bosna.\",\"breadcrumb\":{\"@id\":\"https:\/\/www.seebuffet-weyregg.at\/kulinarisches\/#breadcrumb\"},\"inLanguage\":\"en-US\",\"potentialAction\":[{\"@type\":\"ReadAction\",\"target\":[\"https:\/\/www.seebuffet-weyregg.at\/kulinarisches\/\"]}]},{\"@type\":\"ImageObject\",\"inLanguage\":\"en-US\",\"@id\":\"https:\/\/www.seebuffet-weyregg.at\/kulinarisches\/#primaryimage\",\"url\":\"https:\/\/www.seebuffet-weyregg.at\/wp-content\/uploads\/2023\/05\/see-buffet-image14.webp\",\"contentUrl\":\"https:\/\/www.seebuffet-weyregg.at\/wp-content\/uploads\/2023\/05\/see-buffet-image14.webp\"},{\"@type\":\"BreadcrumbList\",\"@id\":\"https:\/\/www.seebuffet-weyregg.at\/kulinarisches\/#breadcrumb\",\"itemListElement\":[{\"@type\":\"ListItem\",\"position\":1,\"name\":\"Startseite\",\"item\":\"https:\/\/www.seebuffet-weyregg.at\/\"},{\"@type\":\"ListItem\",\"position\":2,\"name\":\"Genussvolle Vielfalt am Ufer des Attersees\"}]},{\"@type\":\"WebSite\",\"@id\":\"https:\/\/www.seebuffet-weyregg.at\/#website\",\"url\":\"https:\/\/www.seebuffet-weyregg.at\/\",\"name\":\"Das See-Buffet\",\"description\":\"Landesbad Weyregg am Attersee\",\"publisher\":{\"@id\":\"https:\/\/www.seebuffet-weyregg.at\/#organization\"},\"potentialAction\":[{\"@type\":\"SearchAction\",\"target\":{\"@type\":\"EntryPoint\",\"urlTemplate\":\"https:\/\/www.seebuffet-weyregg.at\/?s={search_term_string}\"},\"query-input\":{\"@type\":\"PropertyValueSpecification\",\"valueRequired\":true,\"valueName\":\"search_term_string\"}}],\"inLanguage\":\"en-US\"},{\"@type\":\"Organization\",\"@id\":\"https:\/\/www.seebuffet-weyregg.at\/#organization\",\"name\":\"Das See-Buffet\",\"url\":\"https:\/\/www.seebuffet-weyregg.at\/\",\"logo\":{\"@type\":\"ImageObject\",\"inLanguage\":\"en-US\",\"@id\":\"https:\/\/www.seebuffet-weyregg.at\/#\/schema\/logo\/image\/\",\"url\":\"\",\"contentUrl\":\"\",\"caption\":\"Das See-Buffet\"},\"image\":{\"@id\":\"https:\/\/www.seebuffet-weyregg.at\/#\/schema\/logo\/image\/\"}}]}<\/script>\n<!-- \/ Yoast SEO plugin. -->","yoast_head_json":{"title":"See-Buffet Weyregg - Kulinarisches","description":"Freut euch auf hausgemachte Pizzen, saftige Steaks vom hei\u00dfen Stein oder beliebte Grillklassiker wie K\u00e4sekrainer oder Bosna.","robots":{"index":"index","follow":"follow","max-snippet":"max-snippet:-1","max-image-preview":"max-image-preview:large","max-video-preview":"max-video-preview:-1"},"canonical":"https:\/\/www.seebuffet-weyregg.at\/en\/kulinarisches\/","og_locale":"en_US","og_type":"article","og_title":"See-Buffet Weyregg - Kulinarisches","og_description":"Freut euch auf hausgemachte Pizzen, saftige Steaks vom hei\u00dfen Stein oder beliebte Grillklassiker wie K\u00e4sekrainer oder Bosna.","og_url":"https:\/\/www.seebuffet-weyregg.at\/en\/kulinarisches\/","og_site_name":"Das See-Buffet","article_modified_time":"2023-05-17T09:43:09+00:00","og_image":[{"url":"https:\/\/www.seebuffet-weyregg.at\/wp-content\/uploads\/2023\/05\/see-buffet-image14.webp","type":"","width":"","height":""}],"twitter_card":"summary_large_image","twitter_misc":{"Est. reading time":"2 minutes"},"schema":{"@context":"https:\/\/schema.org","@graph":[{"@type":"WebPage","@id":"https:\/\/www.seebuffet-weyregg.at\/kulinarisches\/","url":"https:\/\/www.seebuffet-weyregg.at\/kulinarisches\/","name":"See-Buffet Weyregg - Kulinarisches","isPartOf":{"@id":"https:\/\/www.seebuffet-weyregg.at\/#website"},"primaryImageOfPage":{"@id":"https:\/\/www.seebuffet-weyregg.at\/kulinarisches\/#primaryimage"},"image":{"@id":"https:\/\/www.seebuffet-weyregg.at\/kulinarisches\/#primaryimage"},"thumbnailUrl":"https:\/\/www.seebuffet-weyregg.at\/wp-content\/uploads\/2023\/05\/see-buffet-image14.webp","datePublished":"2021-03-02T10:05:00+00:00","dateModified":"2023-05-17T09:43:09+00:00","description":"Freut euch auf hausgemachte Pizzen, saftige Steaks vom hei\u00dfen Stein oder beliebte Grillklassiker wie K\u00e4sekrainer oder Bosna.","breadcrumb":{"@id":"https:\/\/www.seebuffet-weyregg.at\/kulinarisches\/#breadcrumb"},"inLanguage":"en-US","potentialAction":[{"@type":"ReadAction","target":["https:\/\/www.seebuffet-weyregg.at\/kulinarisches\/"]}]},{"@type":"ImageObject","inLanguage":"en-US","@id":"https:\/\/www.seebuffet-weyregg.at\/kulinarisches\/#primaryimage","url":"https:\/\/www.seebuffet-weyregg.at\/wp-content\/uploads\/2023\/05\/see-buffet-image14.webp","contentUrl":"https:\/\/www.seebuffet-weyregg.at\/wp-content\/uploads\/2023\/05\/see-buffet-image14.webp"},{"@type":"BreadcrumbList","@id":"https:\/\/www.seebuffet-weyregg.at\/kulinarisches\/#breadcrumb","itemListElement":[{"@type":"ListItem","position":1,"name":"Startseite","item":"https:\/\/www.seebuffet-weyregg.at\/"},{"@type":"ListItem","position":2,"name":"Genussvolle Vielfalt am Ufer des Attersees"}]},{"@type":"WebSite","@id":"https:\/\/www.seebuffet-weyregg.at\/#website","url":"https:\/\/www.seebuffet-weyregg.at\/","name":"The Lake Buffet","description":"Landesbad Weyregg am Attersee","publisher":{"@id":"https:\/\/www.seebuffet-weyregg.at\/#organization"},"potentialAction":[{"@type":"SearchAction","target":{"@type":"EntryPoint","urlTemplate":"https:\/\/www.seebuffet-weyregg.at\/?s={search_term_string}"},"query-input":{"@type":"PropertyValueSpecification","valueRequired":true,"valueName":"search_term_string"}}],"inLanguage":"en-US"},{"@type":"Organization","@id":"https:\/\/www.seebuffet-weyregg.at\/#organization","name":"The Lake Buffet","url":"https:\/\/www.seebuffet-weyregg.at\/","logo":{"@type":"ImageObject","inLanguage":"en-US","@id":"https:\/\/www.seebuffet-weyregg.at\/#\/schema\/logo\/image\/","url":"","contentUrl":"","caption":"Das See-Buffet"},"image":{"@id":"https:\/\/www.seebuffet-weyregg.at\/#\/schema\/logo\/image\/"}}]}},"_links":{"self":[{"href":"http:\/\/www.seebuffet-weyregg.at\/en\/wp-json\/wp\/v2\/pages\/15","targetHints":{"allow":["GET"]}}],"collection":[{"href":"http:\/\/www.seebuffet-weyregg.at\/en\/wp-json\/wp\/v2\/pages"}],"about":[{"href":"http:\/\/www.seebuffet-weyregg.at\/en\/wp-json\/wp\/v2\/types\/page"}],"author":[{"embeddable":true,"href":"http:\/\/www.seebuffet-weyregg.at\/en\/wp-json\/wp\/v2\/users\/3"}],"replies":[{"embeddable":true,"href":"http:\/\/www.seebuffet-weyregg.at\/en\/wp-json\/wp\/v2\/comments?post=15"}],"version-history":[{"count":0,"href":"http:\/\/www.seebuffet-weyregg.at\/en\/wp-json\/wp\/v2\/pages\/15\/revisions"}],"wp:attachment":[{"href":"http:\/\/www.seebuffet-weyregg.at\/en\/wp-json\/wp\/v2\/media?parent=15"}],"curies":[{"name":"wp","href":"https:\/\/api.w.org\/{rel}","templated":true}]}}